{"id":915,"date":"2021-10-28T14:14:09","date_gmt":"2021-10-28T12:14:09","guid":{"rendered":"http:\/\/www.vernajoul.fr\/?page_id=915"},"modified":"2021-10-28T14:14:09","modified_gmt":"2021-10-28T12:14:09","slug":"amelioration-de-lhabitat","status":"publish","type":"page","link":"http:\/\/www.vernajoul.fr\/index.php\/amelioration-de-lhabitat\/","title":{"rendered":"Am\u00e9lioration de l&rsquo;habitat"},"content":{"rendered":"\n<p>La Communaut\u00e9 d&rsquo;agglom\u00e9ration du Pays de Foix-Varilhes s\u2019engage dans de nouveaux programmes d\u2019am\u00e9lioration de l\u2019habitat priv\u00e9 pour la p\u00e9riode 2021-2026.<\/p>\n\n\n\n<p>Le prestataire choisi, Soliha Ari\u00e8ge, accompagnera gratuitement les propri\u00e9taires occupants et propri\u00e9taires bailleurs pour les cinq prochaines ann\u00e9es dans leurs projets d\u2019am\u00e9lioration de l\u2019habitat en abordant\u00a0notamment :<\/p>\n\n\n\n<p>&#8211;&nbsp;&nbsp;&nbsp;&nbsp;&nbsp;&nbsp; Les aspects administratifs, techniques, patrimoniaux et architecturaux&nbsp;du projet d\u2019am\u00e9lioration de l\u2019habitat&nbsp;;<\/p>\n\n\n\n<p>&#8211;&nbsp;&nbsp;&nbsp;&nbsp;&nbsp;&nbsp; Les aspects financiers et fiscaux, y compris les pr\u00eats bancaires potentiels&nbsp;;<\/p>\n\n\n\n<p>&#8211;&nbsp;&nbsp;&nbsp;&nbsp;&nbsp;&nbsp; Les aspects r\u00e9glementaires (autorisations d\u2019urbanisme, etc.)&nbsp;;<\/p>\n\n\n\n<p>&#8211;\u00a0\u00a0\u00a0\u00a0\u00a0\u00a0 Tous les autres aspects sp\u00e9cifiques en mati\u00e8re d&rsquo;habitat (AL, APL&#8230;).<\/p>\n\n\n\n<figure class=\"wp-block-image size-large\"><img loading=\"lazy\" decoding=\"async\" width=\"724\" height=\"1024\" src=\"http:\/\/www.vernajoul.fr\/wp-content\/uploads\/2021\/10\/Scan01676520211028121917_001-724x1024.jpg\" alt=\"\" class=\"wp-image-916\" srcset=\"http:\/\/www.vernajoul.fr\/wp-content\/uploads\/2021\/10\/Scan01676520211028121917_001-724x1024.jpg 724w, http:\/\/www.vernajoul.fr\/wp-content\/uploads\/2021\/10\/Scan01676520211028121917_001-212x300.jpg 212w, http:\/\/www.vernajoul.fr\/wp-content\/uploads\/2021\/10\/Scan01676520211028121917_001-768x1086.jpg 768w, http:\/\/www.vernajoul.fr\/wp-content\/uploads\/2021\/10\/Scan01676520211028121917_001-1086x1536.jpg 1086w, http:\/\/www.vernajoul.fr\/wp-content\/uploads\/2021\/10\/Scan01676520211028121917_001-1448x2048.jpg 1448w, http:\/\/www.vernajoul.fr\/wp-content\/uploads\/2021\/10\/Scan01676520211028121917_001.jpg 1653w\" sizes=\"auto, (max-width: 724px) 100vw, 724px\" \/><\/figure>\n\n\n\n<figure class=\"wp-block-image size-large\"><img loading=\"lazy\" decoding=\"async\" width=\"724\" height=\"1024\" src=\"http:\/\/www.vernajoul.fr\/wp-content\/uploads\/2021\/10\/Scan01676520211028121917_002-724x1024.jpg\" alt=\"\" class=\"wp-image-917\" srcset=\"http:\/\/www.vernajoul.fr\/wp-content\/uploads\/2021\/10\/Scan01676520211028121917_002-724x1024.jpg 724w, http:\/\/www.vernajoul.fr\/wp-content\/uploads\/2021\/10\/Scan01676520211028121917_002-212x300.jpg 212w, http:\/\/www.vernajoul.fr\/wp-content\/uploads\/2021\/10\/Scan01676520211028121917_002-768x1086.jpg 768w, http:\/\/www.vernajoul.fr\/wp-content\/uploads\/2021\/10\/Scan01676520211028121917_002-1086x1536.jpg 1086w, http:\/\/www.vernajoul.fr\/wp-content\/uploads\/2021\/10\/Scan01676520211028121917_002-1448x2048.jpg 1448w, http:\/\/www.vernajoul.fr\/wp-content\/uploads\/2021\/10\/Scan01676520211028121917_002.jpg 1653w\" sizes=\"auto, (max-width: 724px) 100vw, 724px\" \/><\/figure>\n\n\n\n<figure class=\"wp-block-image size-large\"><img loading=\"lazy\" decoding=\"async\" width=\"724\" height=\"1024\" src=\"http:\/\/www.vernajoul.fr\/wp-content\/uploads\/2021\/10\/Scan01676520211028121917_003-724x1024.jpg\" alt=\"\" class=\"wp-image-919\" srcset=\"http:\/\/www.vernajoul.fr\/wp-content\/uploads\/2021\/10\/Scan01676520211028121917_003-724x1024.jpg 724w, http:\/\/www.vernajoul.fr\/wp-content\/uploads\/2021\/10\/Scan01676520211028121917_003-212x300.jpg 212w, http:\/\/www.vernajoul.fr\/wp-content\/uploads\/2021\/10\/Scan01676520211028121917_003-768x1086.jpg 768w, http:\/\/www.vernajoul.fr\/wp-content\/uploads\/2021\/10\/Scan01676520211028121917_003-1086x1536.jpg 1086w, http:\/\/www.vernajoul.fr\/wp-content\/uploads\/2021\/10\/Scan01676520211028121917_003-1448x2048.jpg 1448w, http:\/\/www.vernajoul.fr\/wp-content\/uploads\/2021\/10\/Scan01676520211028121917_003.jpg 1653w\" sizes=\"auto, (max-width: 724px) 100vw, 724px\" \/><\/figure>\n\n\n\n<figure class=\"wp-block-image size-large\"><img loading=\"lazy\" decoding=\"async\" width=\"724\" height=\"1024\" src=\"http:\/\/www.vernajoul.fr\/wp-content\/uploads\/2021\/10\/Scan01676520211028121917_004-724x1024.jpg\" alt=\"\" class=\"wp-image-918\" srcset=\"http:\/\/www.vernajoul.fr\/wp-content\/uploads\/2021\/10\/Scan01676520211028121917_004-724x1024.jpg 724w, http:\/\/www.vernajoul.fr\/wp-content\/uploads\/2021\/10\/Scan01676520211028121917_004-212x300.jpg 212w, http:\/\/www.vernajoul.fr\/wp-content\/uploads\/2021\/10\/Scan01676520211028121917_004-768x1086.jpg 768w, http:\/\/www.vernajoul.fr\/wp-content\/uploads\/2021\/10\/Scan01676520211028121917_004-1086x1536.jpg 1086w, http:\/\/www.vernajoul.fr\/wp-content\/uploads\/2021\/10\/Scan01676520211028121917_004-1448x2048.jpg 1448w, http:\/\/www.vernajoul.fr\/wp-content\/uploads\/2021\/10\/Scan01676520211028121917_004.jpg 1653w\" sizes=\"auto, (max-width: 724px) 100vw, 724px\" \/><\/figure>\n\n\n","protected":false},"excerpt":{"rendered":"<p>La Communaut\u00e9 d&rsquo;agglom\u00e9ration du Pays de Foix-Varilhes s\u2019engage dans de nouveaux programmes d\u2019am\u00e9lioration de l\u2019habitat priv\u00e9 pour la p\u00e9riode 2021-2026. Le prestataire choisi, Soliha Ari\u00e8ge, accompagnera gratuitement les propri\u00e9taires occupants et propri\u00e9taires bailleurs pour les cinq prochaines ann\u00e9es dans leurs projets d\u2019am\u00e9lioration de l\u2019habitat en abordant\u00a0notamment : &#8211;&nbsp;&nbsp;&nbsp;&nbsp;&nbsp;&nbsp; Les aspects administratifs, techniques, patrimoniaux et architecturaux&nbsp;du [&hellip;]<\/p>\n","protected":false},"author":1,"featured_media":0,"parent":0,"menu_order":0,"comment_status":"closed","ping_status":"closed","template":"","meta":{"footnotes":""},"class_list":["post-915","page","type-page","status-publish","hentry"],"_links":{"self":[{"href":"http:\/\/www.vernajoul.fr\/index.php\/wp-json\/wp\/v2\/pages\/915","targetHints":{"allow":["GET"]}}],"collection":[{"href":"http:\/\/www.vernajoul.fr\/index.php\/wp-json\/wp\/v2\/pages"}],"about":[{"href":"http:\/\/www.vernajoul.fr\/index.php\/wp-json\/wp\/v2\/types\/page"}],"author":[{"embeddable":true,"href":"http:\/\/www.vernajoul.fr\/index.php\/wp-json\/wp\/v2\/users\/1"}],"replies":[{"embeddable":true,"href":"http:\/\/www.vernajoul.fr\/index.php\/wp-json\/wp\/v2\/comments?post=915"}],"version-history":[{"count":0,"href":"http:\/\/www.vernajoul.fr\/index.php\/wp-json\/wp\/v2\/pages\/915\/revisions"}],"wp:attachment":[{"href":"http:\/\/www.vernajoul.fr\/index.php\/wp-json\/wp\/v2\/media?parent=915"}],"curies":[{"name":"wp","href":"https:\/\/api.w.org\/{rel}","templated":true}]}}