{"id":9,"date":"2020-07-28T13:59:09","date_gmt":"2020-07-28T11:59:09","guid":{"rendered":"http:\/\/www.vernajoul.fr\/?page_id=9"},"modified":"2026-04-09T17:07:03","modified_gmt":"2026-04-09T15:07:03","slug":"actualites","status":"publish","type":"page","link":"http:\/\/www.vernajoul.fr\/index.php\/actualites\/","title":{"rendered":"Actualit\u00e9s"},"content":{"rendered":"\n<h2 class=\"wp-block-heading\">R\u00e9seau des ludoth\u00e8ques : spectacle \u00e0 Vernajoul<\/h2>\n\n\n\n<figure class=\"wp-block-image size-large is-resized\"><img loading=\"lazy\" decoding=\"async\" width=\"724\" height=\"1024\" src=\"http:\/\/www.vernajoul.fr\/wp-content\/uploads\/2026\/04\/spectacle-el-fumista-vernajoul-724x1024.jpg\" alt=\"\" class=\"wp-image-2835\" style=\"width:791px;height:auto\" srcset=\"http:\/\/www.vernajoul.fr\/wp-content\/uploads\/2026\/04\/spectacle-el-fumista-vernajoul-724x1024.jpg 724w, http:\/\/www.vernajoul.fr\/wp-content\/uploads\/2026\/04\/spectacle-el-fumista-vernajoul-212x300.jpg 212w, http:\/\/www.vernajoul.fr\/wp-content\/uploads\/2026\/04\/spectacle-el-fumista-vernajoul-768x1086.jpg 768w, http:\/\/www.vernajoul.fr\/wp-content\/uploads\/2026\/04\/spectacle-el-fumista-vernajoul-1086x1536.jpg 1086w, http:\/\/www.vernajoul.fr\/wp-content\/uploads\/2026\/04\/spectacle-el-fumista-vernajoul.jpg 1414w\" sizes=\"auto, (max-width: 724px) 100vw, 724px\" \/><\/figure>\n\n\n\n<h2 class=\"wp-block-heading\">BIERNAJOUL<\/h2>\n\n\n\n<figure class=\"wp-block-image size-large is-resized\"><img loading=\"lazy\" decoding=\"async\" width=\"724\" height=\"1024\" src=\"http:\/\/www.vernajoul.fr\/wp-content\/uploads\/2026\/04\/SCAN00805720260409161811_001-724x1024.jpg\" alt=\"\" class=\"wp-image-2833\" style=\"width:799px;height:auto\" srcset=\"http:\/\/www.vernajoul.fr\/wp-content\/uploads\/2026\/04\/SCAN00805720260409161811_001-724x1024.jpg 724w, http:\/\/www.vernajoul.fr\/wp-content\/uploads\/2026\/04\/SCAN00805720260409161811_001-212x300.jpg 212w, http:\/\/www.vernajoul.fr\/wp-content\/uploads\/2026\/04\/SCAN00805720260409161811_001-768x1086.jpg 768w, http:\/\/www.vernajoul.fr\/wp-content\/uploads\/2026\/04\/SCAN00805720260409161811_001-1086x1536.jpg 1086w, http:\/\/www.vernajoul.fr\/wp-content\/uploads\/2026\/04\/SCAN00805720260409161811_001-1448x2048.jpg 1448w, http:\/\/www.vernajoul.fr\/wp-content\/uploads\/2026\/04\/SCAN00805720260409161811_001-scaled.jpg 1810w\" sizes=\"auto, (max-width: 724px) 100vw, 724px\" \/><\/figure>\n\n\n\n<h2 class=\"wp-block-heading\">Patrimoine et savoir-faire d&rsquo;Antan<\/h2>\n\n\n\n<div data-wp-interactive=\"core\/file\" class=\"wp-block-file\"><object data-wp-bind--hidden=\"!state.hasPdfPreview\" hidden class=\"wp-block-file__embed\" data=\"http:\/\/www.vernajoul.fr\/wp-content\/uploads\/2026\/03\/JUIN-2026-en-semaine-REVEL-ET-DURFORT.pdf\" type=\"application\/pdf\" style=\"width:100%;height:600px\" aria-label=\"Contenu embarqu\u00e9 JUIN 2026 -en semaine-  - REVEL ET DURFORT.\"><\/object><a id=\"wp-block-file--media-cb0dcbe5-f22e-49b1-a4d1-56ed1f4d3457\" href=\"http:\/\/www.vernajoul.fr\/wp-content\/uploads\/2026\/03\/JUIN-2026-en-semaine-REVEL-ET-DURFORT.pdf\">JUIN 2026 -en semaine-  &#8211; REVEL ET DURFORT<\/a><a href=\"http:\/\/www.vernajoul.fr\/wp-content\/uploads\/2026\/03\/JUIN-2026-en-semaine-REVEL-ET-DURFORT.pdf\" class=\"wp-block-file__button wp-element-button\" download aria-describedby=\"wp-block-file--media-cb0dcbe5-f22e-49b1-a4d1-56ed1f4d3457\">T\u00e9l\u00e9charger<\/a><\/div>\n\n\n\n<div style=\"height:39px\" aria-hidden=\"true\" class=\"wp-block-spacer\"><\/div>\n\n\n\n<h2 class=\"wp-block-heading\">Elections Municipales 2026 &#8211; R\u00e9sultats<\/h2>\n\n\n\n<p>Le premier tour des \u00e9lections municipales a eu lieu le 15 Mars 2026.<br>Vous trouverez ci-dessous les r\u00e9sultats :<\/p>\n\n\n\n<figure class=\"wp-block-image size-large is-resized\"><img loading=\"lazy\" decoding=\"async\" width=\"724\" height=\"1024\" src=\"http:\/\/www.vernajoul.fr\/wp-content\/uploads\/2026\/03\/SCAN00770220260316164636_001-724x1024.jpg\" alt=\"\" class=\"wp-image-2829\" style=\"width:613px;height:auto\" srcset=\"http:\/\/www.vernajoul.fr\/wp-content\/uploads\/2026\/03\/SCAN00770220260316164636_001-724x1024.jpg 724w, http:\/\/www.vernajoul.fr\/wp-content\/uploads\/2026\/03\/SCAN00770220260316164636_001-212x300.jpg 212w, http:\/\/www.vernajoul.fr\/wp-content\/uploads\/2026\/03\/SCAN00770220260316164636_001-768x1086.jpg 768w, http:\/\/www.vernajoul.fr\/wp-content\/uploads\/2026\/03\/SCAN00770220260316164636_001-1086x1536.jpg 1086w, http:\/\/www.vernajoul.fr\/wp-content\/uploads\/2026\/03\/SCAN00770220260316164636_001-1448x2048.jpg 1448w, http:\/\/www.vernajoul.fr\/wp-content\/uploads\/2026\/03\/SCAN00770220260316164636_001-scaled.jpg 1810w\" sizes=\"auto, (max-width: 724px) 100vw, 724px\" \/><\/figure>\n\n\n\n<h2 class=\"wp-block-heading\">Dermatose Nodulaire Contagieuse<\/h2>\n\n\n\n<div class=\"wp-block-file alignleft\"><a id=\"wp-block-file--media-89671e3f-02ed-45e8-bf76-21657a9022fe\" href=\"http:\/\/www.vernajoul.fr\/wp-content\/uploads\/2025\/12\/ARR-PREF-DNCB-12.2025.pdf\" target=\"_blank\" rel=\"noreferrer noopener\">ARR PREF DNCB 12.2025<\/a><a href=\"http:\/\/www.vernajoul.fr\/wp-content\/uploads\/2025\/12\/ARR-PREF-DNCB-12.2025.pdf\" class=\"wp-block-file__button wp-element-button\" download aria-describedby=\"wp-block-file--media-89671e3f-02ed-45e8-bf76-21657a9022fe\">T\u00e9l\u00e9charger<\/a><\/div>\n\n\n\n<div style=\"height:41px\" aria-hidden=\"true\" class=\"wp-block-spacer\"><\/div>\n\n\n\n<h2 class=\"wp-block-heading\">Producteur d&rsquo;escargots \u00e0 Vernajoul<\/h2>\n\n\n\n<p>Sa&nbsp;production&nbsp;est&nbsp;disponible&nbsp;depuis&nbsp;le&nbsp;17&nbsp;d\u00e9cembre. Ci-joint&nbsp;ses&nbsp;coordonn\u00e9es.&nbsp;Circuit&nbsp;court,&nbsp;du&nbsp;producteur&nbsp;au&nbsp;consommateur.<\/p>\n\n\n<div class=\"wp-block-image\">\n<figure class=\"aligncenter size-large\"><img loading=\"lazy\" decoding=\"async\" width=\"813\" height=\"1024\" src=\"http:\/\/www.vernajoul.fr\/wp-content\/uploads\/2025\/12\/1000008997-813x1024.jpg\" alt=\"\" class=\"wp-image-2782\" srcset=\"http:\/\/www.vernajoul.fr\/wp-content\/uploads\/2025\/12\/1000008997-813x1024.jpg 813w, http:\/\/www.vernajoul.fr\/wp-content\/uploads\/2025\/12\/1000008997-238x300.jpg 238w, http:\/\/www.vernajoul.fr\/wp-content\/uploads\/2025\/12\/1000008997-768x967.jpg 768w, http:\/\/www.vernajoul.fr\/wp-content\/uploads\/2025\/12\/1000008997.jpg 1080w\" sizes=\"auto, (max-width: 813px) 100vw, 813px\" \/><\/figure><\/div>\n\n\n<div style=\"height:44px\" aria-hidden=\"true\" class=\"wp-block-spacer\"><\/div>\n\n\n\n<h2 class=\"wp-block-heading\">Message de la Gendarmerie<\/h2>\n\n\n\n<p>Plusieurs signalements ont \u00e9t\u00e9 formul\u00e9s ces derniers jours concernant :<\/p>\n\n\n\n<p>&#8211; du rep\u00e9rage d&rsquo;individus dans des v\u00e9hicules<\/p>\n\n\n\n<p>&#8211; ou au moyen de d\u00e9p\u00f4t de feuilles blanches dans les boites aux lettres<\/p>\n\n\n\n<p>&#8211; ou encore de calepins de couleur lanc\u00e9s dans les jardins.<\/p>\n\n\n\n<p>Aucune commune ne semble \u00e9pargn\u00e9e.<\/p>\n\n\n\n<p><strong>Nous vous invitons \u00e0 contacter le 17 pour signaler tout comportement ou v\u00e9hicule suspect.<\/strong><\/p>\n\n\n\n<div style=\"height:41px\" aria-hidden=\"true\" class=\"wp-block-spacer\"><\/div>\n\n\n\n<h2 class=\"wp-block-heading\">Courrier en r\u00e9ponse \u00e0 la p\u00e9tition pour l&rsquo;Agglo Bus<\/h2>\n\n\n\n<div class=\"wp-block-file aligncenter\"><a id=\"wp-block-file--media-ca9b8112-c0a9-46a9-af63-bde5ab63e924\" href=\"http:\/\/www.vernajoul.fr\/wp-content\/uploads\/2024\/07\/courrier-AGGLO-BUS-2024.pdf\">courrier-AGGLO-BUS-2024<\/a><a href=\"http:\/\/www.vernajoul.fr\/wp-content\/uploads\/2024\/07\/courrier-AGGLO-BUS-2024.pdf\" class=\"wp-block-file__button wp-element-button\" download aria-describedby=\"wp-block-file--media-ca9b8112-c0a9-46a9-af63-bde5ab63e924\">T\u00e9l\u00e9charger<\/a><\/div>\n\n\n\n<div style=\"height:40px\" aria-hidden=\"true\" class=\"wp-block-spacer\"><\/div>\n\n\n\n<h2 class=\"wp-block-heading\">Vol de bac individuel et d\u00e9marchage<\/h2>\n\n\n\n<p>Le SMECTOM informe que des bacs individuels ont \u00e9t\u00e9 vol\u00e9s et des d\u00e9marchages frauduleux ont \u00e9t\u00e9 r\u00e9alis\u00e9s sur plusieurs communes concernant notamment un changement de bac pour un montant de 10 \u20ac. La dotation en bac individuel des foyers collect\u00e9s par le SMECTOM du Plantaurel est gratuite, que cela soit pour une nouvelle dotation ou un \u00e9change de bac.<\/p>\n\n\n\n<p>Si vous constatez un vol de bac individuel, vous devez porter plainte puis en informer le SMECTOM. Pour demander un nouveau bac, la d\u00e9marche peut s\u2019effectuer en ligne <a href=\"https:\/\/www.smectom.fr\/equipement-de-collecte-et-composteur\/\">https:\/\/www.smectom.fr\/equipement-de-collecte-et-composteur\/<\/a> <\/p>\n\n\n\n<p><\/p>\n\n\n\n<h2 class=\"wp-block-heading\">France Services \u00e0 votre service \u00e0 Varilhes<\/h2>\n\n\n\n<p>maj le 21\/07\/2025<\/p>\n\n\n<div class=\"wp-block-image\">\n<figure class=\"aligncenter size-large\"><img loading=\"lazy\" decoding=\"async\" width=\"1024\" height=\"725\" src=\"http:\/\/www.vernajoul.fr\/wp-content\/uploads\/2025\/07\/franceservices_agglo_prosp_a5_2025_page-0001-1024x725.jpg\" alt=\"\" class=\"wp-image-2689\" srcset=\"http:\/\/www.vernajoul.fr\/wp-content\/uploads\/2025\/07\/franceservices_agglo_prosp_a5_2025_page-0001-1024x725.jpg 1024w, http:\/\/www.vernajoul.fr\/wp-content\/uploads\/2025\/07\/franceservices_agglo_prosp_a5_2025_page-0001-300x212.jpg 300w, http:\/\/www.vernajoul.fr\/wp-content\/uploads\/2025\/07\/franceservices_agglo_prosp_a5_2025_page-0001-768x543.jpg 768w, http:\/\/www.vernajoul.fr\/wp-content\/uploads\/2025\/07\/franceservices_agglo_prosp_a5_2025_page-0001-1536x1087.jpg 1536w, http:\/\/www.vernajoul.fr\/wp-content\/uploads\/2025\/07\/franceservices_agglo_prosp_a5_2025_page-0001.jpg 1754w\" sizes=\"auto, (max-width: 1024px) 100vw, 1024px\" \/><\/figure><\/div>\n\n<div class=\"wp-block-image\">\n<figure class=\"aligncenter size-large\"><img loading=\"lazy\" decoding=\"async\" width=\"1024\" height=\"725\" src=\"http:\/\/www.vernajoul.fr\/wp-content\/uploads\/2025\/07\/franceservices_agglo_prosp_a5_2025_page-0002-1024x725.jpg\" alt=\"\" class=\"wp-image-2690\" srcset=\"http:\/\/www.vernajoul.fr\/wp-content\/uploads\/2025\/07\/franceservices_agglo_prosp_a5_2025_page-0002-1024x725.jpg 1024w, http:\/\/www.vernajoul.fr\/wp-content\/uploads\/2025\/07\/franceservices_agglo_prosp_a5_2025_page-0002-300x212.jpg 300w, http:\/\/www.vernajoul.fr\/wp-content\/uploads\/2025\/07\/franceservices_agglo_prosp_a5_2025_page-0002-768x543.jpg 768w, http:\/\/www.vernajoul.fr\/wp-content\/uploads\/2025\/07\/franceservices_agglo_prosp_a5_2025_page-0002-1536x1087.jpg 1536w, http:\/\/www.vernajoul.fr\/wp-content\/uploads\/2025\/07\/franceservices_agglo_prosp_a5_2025_page-0002.jpg 1754w\" sizes=\"auto, (max-width: 1024px) 100vw, 1024px\" \/><\/figure><\/div>\n\n\n<div style=\"height:42px\" aria-hidden=\"true\" class=\"wp-block-spacer\"><\/div>\n\n\n\n<h1 class=\"wp-block-heading\">Guichet unique Petite Enfance de l&rsquo;Agglo<\/h1>\n\n\n<div class=\"wp-block-image\">\n<figure class=\"aligncenter size-full\"><img loading=\"lazy\" decoding=\"async\" width=\"644\" height=\"915\" src=\"http:\/\/www.vernajoul.fr\/wp-content\/uploads\/2022\/10\/Flyer-Petite-enfance-guichet-unique-Agglo-2022.png\" alt=\"\" class=\"wp-image-1582\" srcset=\"http:\/\/www.vernajoul.fr\/wp-content\/uploads\/2022\/10\/Flyer-Petite-enfance-guichet-unique-Agglo-2022.png 644w, http:\/\/www.vernajoul.fr\/wp-content\/uploads\/2022\/10\/Flyer-Petite-enfance-guichet-unique-Agglo-2022-211x300.png 211w\" sizes=\"auto, (max-width: 644px) 100vw, 644px\" \/><\/figure><\/div>\n\n\n<div style=\"height:30px\" aria-hidden=\"true\" class=\"wp-block-spacer\"><\/div>\n\n\n\n<h2 class=\"wp-block-heading\">PANNEAU POCKET<\/h2>\n\n\n<div class=\"wp-block-image\">\n<figure class=\"aligncenter size-full\"><img loading=\"lazy\" decoding=\"async\" width=\"763\" height=\"787\" src=\"http:\/\/www.vernajoul.fr\/wp-content\/uploads\/2021\/10\/Guide-telechargement.jpg\" alt=\"\" class=\"wp-image-808\" srcset=\"http:\/\/www.vernajoul.fr\/wp-content\/uploads\/2021\/10\/Guide-telechargement.jpg 763w, http:\/\/www.vernajoul.fr\/wp-content\/uploads\/2021\/10\/Guide-telechargement-291x300.jpg 291w\" sizes=\"auto, (max-width: 763px) 100vw, 763px\" \/><\/figure><\/div>","protected":false},"excerpt":{"rendered":"<p>R\u00e9seau des ludoth\u00e8ques : spectacle \u00e0 Vernajoul BIERNAJOUL Patrimoine et savoir-faire d&rsquo;Antan Elections Municipales 2026 &#8211; R\u00e9sultats Le premier tour des \u00e9lections municipales a eu lieu le 15 Mars 2026.Vous trouverez ci-dessous les r\u00e9sultats : Dermatose Nodulaire Contagieuse Producteur d&rsquo;escargots \u00e0 Vernajoul Sa&nbsp;production&nbsp;est&nbsp;disponible&nbsp;depuis&nbsp;le&nbsp;17&nbsp;d\u00e9cembre. Ci-joint&nbsp;ses&nbsp;coordonn\u00e9es.&nbsp;Circuit&nbsp;court,&nbsp;du&nbsp;producteur&nbsp;au&nbsp;consommateur. Message de la Gendarmerie Plusieurs signalements ont \u00e9t\u00e9 formul\u00e9s ces derniers [&hellip;]<\/p>\n","protected":false},"author":1,"featured_media":0,"parent":0,"menu_order":0,"comment_status":"closed","ping_status":"closed","template":"","meta":{"footnotes":""},"class_list":["post-9","page","type-page","status-publish","hentry"],"_links":{"self":[{"href":"http:\/\/www.vernajoul.fr\/index.php\/wp-json\/wp\/v2\/pages\/9","targetHints":{"allow":["GET"]}}],"collection":[{"href":"http:\/\/www.vernajoul.fr\/index.php\/wp-json\/wp\/v2\/pages"}],"about":[{"href":"http:\/\/www.vernajoul.fr\/index.php\/wp-json\/wp\/v2\/types\/page"}],"author":[{"embeddable":true,"href":"http:\/\/www.vernajoul.fr\/index.php\/wp-json\/wp\/v2\/users\/1"}],"replies":[{"embeddable":true,"href":"http:\/\/www.vernajoul.fr\/index.php\/wp-json\/wp\/v2\/comments?post=9"}],"version-history":[{"count":0,"href":"http:\/\/www.vernajoul.fr\/index.php\/wp-json\/wp\/v2\/pages\/9\/revisions"}],"wp:attachment":[{"href":"http:\/\/www.vernajoul.fr\/index.php\/wp-json\/wp\/v2\/media?parent=9"}],"curies":[{"name":"wp","href":"https:\/\/api.w.org\/{rel}","templated":true}]}}