{"id":639,"date":"2021-08-25T11:01:13","date_gmt":"2021-08-25T09:01:13","guid":{"rendered":"http:\/\/www.vernajoul.fr\/?page_id=639"},"modified":"2026-04-09T17:38:28","modified_gmt":"2026-04-09T15:38:28","slug":"lequipe-municipale","status":"publish","type":"page","link":"http:\/\/www.vernajoul.fr\/index.php\/lequipe-municipale\/","title":{"rendered":"L&rsquo;\u00e9quipe municipale"},"content":{"rendered":"\n<h2 class=\"wp-block-heading\">Le Maire<\/h2>\n\n\n\n<p>Jean-Paul FERR\u00c9<\/p>\n\n\n\n<h2 class=\"wp-block-heading\">Les adjoints<\/h2>\n\n\n\n<p>Monsieur Claude MARTY<\/p>\n\n\n\n<p>Madame Nathalie MAYORAL <\/p>\n\n\n\n<p>Monsieur Florian P\u00e9lissier<\/p>\n\n\n\n<h2 class=\"wp-block-heading\">Les conseillers municipaux<\/h2>\n\n\n\n<p>Madame Caroline ANDRASIK-RYCKEBUSCH<br>Monsieur Marc BOUTROIS<br>Madame Monique CANAL <br>Madame Sandrine CAZAUD<br>Monsieur Fernand DA COSTA<br>Monsieur Walter DIEUDONN\u00c9<br>Madame Sandrine DO LAGO<br>Madame Sylvie FERR\u00c9<br>Monsieur Alain HOARAU<br>Madame Pascale PINET<br>Monsieur Pierre TOURENQ<\/p>\n\n\n\n<h2 class=\"wp-block-heading\">Les conseillers municipaux suppl\u00e9ants<\/h2>\n\n\n\n<p>Madame Cl\u00e9mence BLONDEAU<br>Monsieur No\u00ebl ROUAIX<\/p>\n\n\n\n<figure class=\"wp-block-image size-full\"><img loading=\"lazy\" decoding=\"async\" width=\"1000\" height=\"643\" src=\"http:\/\/www.vernajoul.fr\/wp-content\/uploads\/2026\/04\/20260207_145211.jpg\" alt=\"\" class=\"wp-image-2839\" srcset=\"http:\/\/www.vernajoul.fr\/wp-content\/uploads\/2026\/04\/20260207_145211.jpg 1000w, http:\/\/www.vernajoul.fr\/wp-content\/uploads\/2026\/04\/20260207_145211-300x193.jpg 300w, http:\/\/www.vernajoul.fr\/wp-content\/uploads\/2026\/04\/20260207_145211-768x494.jpg 768w\" sizes=\"auto, (max-width: 1000px) 100vw, 1000px\" \/><\/figure>\n","protected":false},"excerpt":{"rendered":"<p>Le Maire Jean-Paul FERR\u00c9 Les adjoints Monsieur Claude MARTY Madame Nathalie MAYORAL Monsieur Florian P\u00e9lissier Les conseillers municipaux Madame Caroline ANDRASIK-RYCKEBUSCHMonsieur Marc BOUTROISMadame Monique CANAL Madame Sandrine CAZAUDMonsieur Fernand DA COSTAMonsieur Walter DIEUDONN\u00c9Madame Sandrine DO LAGOMadame Sylvie FERR\u00c9Monsieur Alain HOARAUMadame Pascale PINETMonsieur Pierre TOURENQ Les conseillers municipaux suppl\u00e9ants Madame Cl\u00e9mence BLONDEAUMonsieur No\u00ebl ROUAIX<\/p>\n","protected":false},"author":1,"featured_media":0,"parent":0,"menu_order":0,"comment_status":"closed","ping_status":"closed","template":"","meta":{"footnotes":""},"class_list":["post-639","page","type-page","status-publish","hentry"],"_links":{"self":[{"href":"http:\/\/www.vernajoul.fr\/index.php\/wp-json\/wp\/v2\/pages\/639","targetHints":{"allow":["GET"]}}],"collection":[{"href":"http:\/\/www.vernajoul.fr\/index.php\/wp-json\/wp\/v2\/pages"}],"about":[{"href":"http:\/\/www.vernajoul.fr\/index.php\/wp-json\/wp\/v2\/types\/page"}],"author":[{"embeddable":true,"href":"http:\/\/www.vernajoul.fr\/index.php\/wp-json\/wp\/v2\/users\/1"}],"replies":[{"embeddable":true,"href":"http:\/\/www.vernajoul.fr\/index.php\/wp-json\/wp\/v2\/comments?post=639"}],"version-history":[{"count":0,"href":"http:\/\/www.vernajoul.fr\/index.php\/wp-json\/wp\/v2\/pages\/639\/revisions"}],"wp:attachment":[{"href":"http:\/\/www.vernajoul.fr\/index.php\/wp-json\/wp\/v2\/media?parent=639"}],"curies":[{"name":"wp","href":"https:\/\/api.w.org\/{rel}","templated":true}]}}