{"id":582,"date":"2021-06-21T16:47:06","date_gmt":"2021-06-21T14:47:06","guid":{"rendered":"http:\/\/www.vernajoul.fr\/?page_id=582"},"modified":"2021-06-21T16:56:59","modified_gmt":"2021-06-21T14:56:59","slug":"chiens-errants","status":"publish","type":"page","link":"http:\/\/www.vernajoul.fr\/index.php\/chiens-errants\/","title":{"rendered":"Chiens errants"},"content":{"rendered":"\n<p>Est consid\u00e9r\u00e9 comme en \u00e9tat de divagation tout chien qui, en dehors d\u2019une action de chasse, de la garde ou de la protection d\u2019un troupeau, n\u2019est plus sous la surveillance effective de son ma\u00eetre, se trouve hors de port\u00e9e de voix de celui-ci ou de tout instrument sonore permettant son rappel, ou qui est \u00e9loign\u00e9 de son propri\u00e9taire ou de la personne qui en est responsable d\u2019une distance d\u00e9passant 100 m\u00e8tres. Est par ailleurs en \u00e9tat de divagation, tout chien abandonn\u00e9 livr\u00e9 \u00e0 son seul instinct, sauf s\u2019il participait \u00e0 une action de chasse et qu\u2019il est d\u00e9montr\u00e9 que son propri\u00e9taire ne s\u2019est pas abstenu de tout entreprendre pour le retrouver et le r\u00e9cup\u00e9rer, y compris apr\u00e8s la fin de l\u2019action de chasse.<\/p>\n\n\n\n<div class=\"wp-block-file\"><a href=\"http:\/\/www.vernajoul.fr\/wp-content\/uploads\/2021\/06\/Arrete-relatif-a-la-divagation-des-chiens.pdf\">Arr\u00eat\u00e9 municipal relatif \u00e0 la divagation des chiens<\/a><a href=\"http:\/\/www.vernajoul.fr\/wp-content\/uploads\/2021\/06\/Arrete-relatif-a-la-divagation-des-chiens.pdf\" class=\"wp-block-file__button\" download>T\u00e9l\u00e9charger<\/a><\/div>\n\n\n\n<p><\/p>\n","protected":false},"excerpt":{"rendered":"<p>Est consid\u00e9r\u00e9 comme en \u00e9tat de divagation tout chien qui, en dehors d\u2019une action de chasse, de la garde ou de la protection d\u2019un troupeau, n\u2019est plus sous la surveillance effective de son ma\u00eetre, se trouve hors de port\u00e9e de voix de celui-ci ou de tout instrument sonore permettant son rappel, ou qui est \u00e9loign\u00e9 [&hellip;]<\/p>\n","protected":false},"author":1,"featured_media":0,"parent":0,"menu_order":0,"comment_status":"closed","ping_status":"closed","template":"","meta":{"footnotes":""},"class_list":["post-582","page","type-page","status-publish","hentry"],"_links":{"self":[{"href":"http:\/\/www.vernajoul.fr\/index.php\/wp-json\/wp\/v2\/pages\/582","targetHints":{"allow":["GET"]}}],"collection":[{"href":"http:\/\/www.vernajoul.fr\/index.php\/wp-json\/wp\/v2\/pages"}],"about":[{"href":"http:\/\/www.vernajoul.fr\/index.php\/wp-json\/wp\/v2\/types\/page"}],"author":[{"embeddable":true,"href":"http:\/\/www.vernajoul.fr\/index.php\/wp-json\/wp\/v2\/users\/1"}],"replies":[{"embeddable":true,"href":"http:\/\/www.vernajoul.fr\/index.php\/wp-json\/wp\/v2\/comments?post=582"}],"version-history":[{"count":0,"href":"http:\/\/www.vernajoul.fr\/index.php\/wp-json\/wp\/v2\/pages\/582\/revisions"}],"wp:attachment":[{"href":"http:\/\/www.vernajoul.fr\/index.php\/wp-json\/wp\/v2\/media?parent=582"}],"curies":[{"name":"wp","href":"https:\/\/api.w.org\/{rel}","templated":true}]}}