{"id":429,"date":"2021-03-31T10:26:14","date_gmt":"2021-03-31T08:26:14","guid":{"rendered":"http:\/\/www.vernajoul.fr\/?page_id=429"},"modified":"2022-03-01T12:21:21","modified_gmt":"2022-03-01T11:21:21","slug":"bibliotheque","status":"publish","type":"page","link":"http:\/\/www.vernajoul.fr\/index.php\/bibliotheque\/","title":{"rendered":"Biblioth\u00e8que"},"content":{"rendered":"\n<p>La biblioth\u00e8que de Vernajoul s\u2019inscrit dans le r\u00e9seau des m\u00e9diath\u00e8ques du Pays de Foix Varilhes.<\/p>\n\n\n\n<p>A ce titre elle propose \u00e0 ses lecteurs un acc\u00e8s gratuit \u00e0 la lecture pour tous<\/p>\n\n\n\n<p>Une carte d\u2019adh\u00e9rent vous est remise lors de votre inscription et elle vous permet de circuler dans toutes les biblioth\u00e8ques du r\u00e9seau.<\/p>\n\n\n\n<p>Les lecteurs b\u00e9n\u00e9ficient, par le biais de leur adh\u00e9sion, des services num\u00e9riques en libre acc\u00e8s sur le site du r\u00e9seau&nbsp;:<\/p>\n\n\n\n<ul class=\"wp-block-list\"><li>Un catalogue de tous les livres disponibles dans le r\u00e9seau<\/li><li>Un service de vid\u00e9o en ligne<\/li><li>La presse en ligne&nbsp;: le \u00ab&nbsp;KIOSK.com&nbsp;\u00bb permet la lecture de plus de 600 magazines<\/li><li>\u00c9couter de la musique en ligne gr\u00e2ce \u00e0 une plateforme de streaming musical<\/li><li>Acc\u00e9der gratuitement de chez vous \u00e0 plusieurs plateformes d\u2019autoformation.<\/li><\/ul>\n\n\n\n<p>En plus du pr\u00eat des livres, les b\u00e9n\u00e9voles peuvent vous aider \u00e0 d\u00e9couvrir tous ces services.<\/p>\n\n\n\n<p>La biblioth\u00e8que propose des spectacles ou animations destin\u00e9s \u00e0 tous les publics, et poursuit son partenariat avec l\u2019\u00e9cole en recevant les enfants r\u00e9guli\u00e8rement pour le pr\u00eat de livres et en organisant le vote du prix des incorruptibles tous les ans au mois de mai.<\/p>\n\n\n\n<p>Une nouvelle animation s\u2019est mise en place, le <a href=\"http:\/\/www.vernajoul.fr\/index.php\/animations\/\" data-type=\"page\" data-id=\"147\">Club des b\u00e9b\u00e9s lecteurs<\/a>, un mercredi par mois de 10h30 \u00e0 11h30. Elle se d\u00e9roule \u00e0 l\u2019\u00e9cole du P\u2019tit Louli\u00e9 (mise \u00e0 disposition par la municipalit\u00e9) il s\u2019agit d\u2019un moment de lecture et comptines pour les tout-petits accompagn\u00e9s de leurs parents ou de leur assistante maternelle. Cette activit\u00e9 est ouverte \u00e0 tous dans le r\u00e9seau et a pour objectif de promouvoir la lecture d\u00e8s le plus jeune \u00e2ge.<\/p>\n\n\n\n<p>Les b\u00e9n\u00e9voles du r\u00e9seau des biblioth\u00e8ques peuvent s\u2019ils le souhaitent participer \u00e0 des r\u00e9unions de pr\u00e9sentation des nouveaut\u00e9s et faire des formations gratuites propos\u00e9es par la Biblioth\u00e8que D\u00e9partementale de l\u2019Ari\u00e8ge.<\/p>\n\n\n\n<p>Si vous souhaitez d\u00e9couvrir notre biblioth\u00e8que en tant que lecteur ou pour vous investir en tant que b\u00e9n\u00e9vole, vous serez les bienvenus&nbsp;:<\/p>\n\n\n\n<figure class=\"wp-block-table is-style-stripes\"><table class=\"has-fixed-layout\"><tbody><tr><td>Mardi : 17h30 \u00e0 19h<\/td><\/tr><tr><td>Mercredi : 15h30 \u00e0 18h<\/td><\/tr><tr><td>Samedi : 10h \u00e0 11h30<\/td><\/tr><\/tbody><\/table><\/figure>\n\n\n\n<div class=\"wp-block-image\"><figure class=\"aligncenter size-large is-resized\"><img loading=\"lazy\" decoding=\"async\" src=\"http:\/\/www.vernajoul.fr\/wp-content\/uploads\/2022\/03\/HORAIRES_BIBLIOTHEQUE-1024x801.jpg\" alt=\"\" class=\"wp-image-1104\" width=\"426\" height=\"333\" srcset=\"http:\/\/www.vernajoul.fr\/wp-content\/uploads\/2022\/03\/HORAIRES_BIBLIOTHEQUE-1024x801.jpg 1024w, http:\/\/www.vernajoul.fr\/wp-content\/uploads\/2022\/03\/HORAIRES_BIBLIOTHEQUE-300x235.jpg 300w, http:\/\/www.vernajoul.fr\/wp-content\/uploads\/2022\/03\/HORAIRES_BIBLIOTHEQUE-768x601.jpg 768w, http:\/\/www.vernajoul.fr\/wp-content\/uploads\/2022\/03\/HORAIRES_BIBLIOTHEQUE-1536x1202.jpg 1536w, http:\/\/www.vernajoul.fr\/wp-content\/uploads\/2022\/03\/HORAIRES_BIBLIOTHEQUE-2048x1602.jpg 2048w\" sizes=\"auto, (max-width: 426px) 100vw, 426px\" \/><\/figure><\/div>\n\n\n\n<p><\/p>\n\n\n\n<p><\/p>\n","protected":false},"excerpt":{"rendered":"<p>La biblioth\u00e8que de Vernajoul s\u2019inscrit dans le r\u00e9seau des m\u00e9diath\u00e8ques du Pays de Foix Varilhes. A ce titre elle propose \u00e0 ses lecteurs un acc\u00e8s gratuit \u00e0 la lecture pour tous Une carte d\u2019adh\u00e9rent vous est remise lors de votre inscription et elle vous permet de circuler dans toutes les biblioth\u00e8ques du r\u00e9seau. Les lecteurs [&hellip;]<\/p>\n","protected":false},"author":1,"featured_media":0,"parent":0,"menu_order":0,"comment_status":"closed","ping_status":"closed","template":"","meta":{"footnotes":""},"class_list":["post-429","page","type-page","status-publish","hentry"],"_links":{"self":[{"href":"http:\/\/www.vernajoul.fr\/index.php\/wp-json\/wp\/v2\/pages\/429","targetHints":{"allow":["GET"]}}],"collection":[{"href":"http:\/\/www.vernajoul.fr\/index.php\/wp-json\/wp\/v2\/pages"}],"about":[{"href":"http:\/\/www.vernajoul.fr\/index.php\/wp-json\/wp\/v2\/types\/page"}],"author":[{"embeddable":true,"href":"http:\/\/www.vernajoul.fr\/index.php\/wp-json\/wp\/v2\/users\/1"}],"replies":[{"embeddable":true,"href":"http:\/\/www.vernajoul.fr\/index.php\/wp-json\/wp\/v2\/comments?post=429"}],"version-history":[{"count":0,"href":"http:\/\/www.vernajoul.fr\/index.php\/wp-json\/wp\/v2\/pages\/429\/revisions"}],"wp:attachment":[{"href":"http:\/\/www.vernajoul.fr\/index.php\/wp-json\/wp\/v2\/media?parent=429"}],"curies":[{"name":"wp","href":"https:\/\/api.w.org\/{rel}","templated":true}]}}