{"id":253,"date":"2021-02-28T11:52:25","date_gmt":"2021-02-28T10:52:25","guid":{"rendered":"http:\/\/www.vernajoul.fr\/?page_id=253"},"modified":"2023-06-30T12:08:30","modified_gmt":"2023-06-30T10:08:30","slug":"le-comite-des-fetes","status":"publish","type":"page","link":"http:\/\/www.vernajoul.fr\/index.php\/le-comite-des-fetes\/","title":{"rendered":"Le Comit\u00e9 des F\u00eates"},"content":{"rendered":"\n<h2 class=\"wp-block-heading\">Le Comit\u00e9 des F\u00eates<\/h2>\n\n\n\n<p>Le Comit\u00e9 des F\u00eates organise notamment la f\u00eate locale autour du troisi\u00e8me dimanche du mois de Juillet. On retrouve lors de cette f\u00eate le c\u00e9l\u00e8bre cochon \u00e0 la broche ainsi que le repas fideua mais aussi la <a href=\"http:\/\/www.vernajoul.fr\/index.php\/la-course-a-pied-vernajouloise\/\" data-type=\"page\" data-id=\"145\">course p\u00e9destre Vernajouloise<\/a>, un concours de p\u00e9tanque, une soir\u00e9e anim\u00e9e avec DJ et\/ou orchestre.<\/p>\n\n\n\n<figure class=\"wp-block-image size-large\"><img loading=\"lazy\" decoding=\"async\" width=\"1024\" height=\"728\" src=\"http:\/\/www.vernajoul.fr\/wp-content\/uploads\/2023\/06\/Fete-de-Vernajoul-Juillet-2023-1-1024x728.jpg\" alt=\"\" class=\"wp-image-1847\" srcset=\"http:\/\/www.vernajoul.fr\/wp-content\/uploads\/2023\/06\/Fete-de-Vernajoul-Juillet-2023-1-1024x728.jpg 1024w, http:\/\/www.vernajoul.fr\/wp-content\/uploads\/2023\/06\/Fete-de-Vernajoul-Juillet-2023-1-300x213.jpg 300w, http:\/\/www.vernajoul.fr\/wp-content\/uploads\/2023\/06\/Fete-de-Vernajoul-Juillet-2023-1-768x546.jpg 768w, http:\/\/www.vernajoul.fr\/wp-content\/uploads\/2023\/06\/Fete-de-Vernajoul-Juillet-2023-1.jpg 1338w\" sizes=\"auto, (max-width: 1024px) 100vw, 1024px\" \/><\/figure>\n\n\n\n<figure class=\"wp-block-image size-large\"><img loading=\"lazy\" decoding=\"async\" width=\"1024\" height=\"729\" src=\"http:\/\/www.vernajoul.fr\/wp-content\/uploads\/2023\/06\/Fete-de-Vernajoul-Juillet-2023-2-1024x729.jpg\" alt=\"\" class=\"wp-image-1848\" srcset=\"http:\/\/www.vernajoul.fr\/wp-content\/uploads\/2023\/06\/Fete-de-Vernajoul-Juillet-2023-2-1024x729.jpg 1024w, http:\/\/www.vernajoul.fr\/wp-content\/uploads\/2023\/06\/Fete-de-Vernajoul-Juillet-2023-2-300x214.jpg 300w, http:\/\/www.vernajoul.fr\/wp-content\/uploads\/2023\/06\/Fete-de-Vernajoul-Juillet-2023-2-768x547.jpg 768w, http:\/\/www.vernajoul.fr\/wp-content\/uploads\/2023\/06\/Fete-de-Vernajoul-Juillet-2023-2.jpg 1337w\" sizes=\"auto, (max-width: 1024px) 100vw, 1024px\" \/><\/figure>\n\n\n\n<div style=\"height:30px\" aria-hidden=\"true\" class=\"wp-block-spacer\"><\/div>\n\n\n\n<figure class=\"wp-block-gallery columns-3 is-cropped wp-block-gallery-1 is-layout-flex wp-block-gallery-is-layout-flex\"><ul class=\"blocks-gallery-grid\"><li class=\"blocks-gallery-item\"><figure><img loading=\"lazy\" decoding=\"async\" width=\"720\" height=\"893\" src=\"http:\/\/www.vernajoul.fr\/wp-content\/uploads\/2022\/04\/fideoua-comite-des-fetes-Vernajoul.jpg\" alt=\"\" data-id=\"1142\" data-link=\"http:\/\/www.vernajoul.fr\/index.php\/le-comite-des-fetes\/fideoua-comite-des-fetes-vernajoul\/\" class=\"wp-image-1142\" srcset=\"http:\/\/www.vernajoul.fr\/wp-content\/uploads\/2022\/04\/fideoua-comite-des-fetes-Vernajoul.jpg 720w, http:\/\/www.vernajoul.fr\/wp-content\/uploads\/2022\/04\/fideoua-comite-des-fetes-Vernajoul-242x300.jpg 242w\" sizes=\"auto, (max-width: 720px) 100vw, 720px\" \/><\/figure><\/li><li class=\"blocks-gallery-item\"><figure><img loading=\"lazy\" decoding=\"async\" width=\"693\" height=\"798\" src=\"http:\/\/www.vernajoul.fr\/wp-content\/uploads\/2022\/04\/fete-locale-comite-des-fetes-Vernajoul.jpg\" alt=\"\" data-id=\"1143\" data-link=\"http:\/\/www.vernajoul.fr\/index.php\/le-comite-des-fetes\/fete-locale-comite-des-fetes-vernajoul\/\" class=\"wp-image-1143\" srcset=\"http:\/\/www.vernajoul.fr\/wp-content\/uploads\/2022\/04\/fete-locale-comite-des-fetes-Vernajoul.jpg 693w, http:\/\/www.vernajoul.fr\/wp-content\/uploads\/2022\/04\/fete-locale-comite-des-fetes-Vernajoul-261x300.jpg 261w\" sizes=\"auto, (max-width: 693px) 100vw, 693px\" \/><\/figure><\/li><li class=\"blocks-gallery-item\"><figure><img loading=\"lazy\" decoding=\"async\" width=\"720\" height=\"960\" src=\"http:\/\/www.vernajoul.fr\/wp-content\/uploads\/2022\/04\/cochon-a-la-broche-comite-des-fetes-Vernajoul.jpg\" alt=\"\" data-id=\"1144\" data-full-url=\"http:\/\/www.vernajoul.fr\/wp-content\/uploads\/2022\/04\/cochon-a-la-broche-comite-des-fetes-Vernajoul.jpg\" data-link=\"http:\/\/www.vernajoul.fr\/index.php\/le-comite-des-fetes\/cochon-a-la-broche-comite-des-fetes-vernajoul\/\" class=\"wp-image-1144\" srcset=\"http:\/\/www.vernajoul.fr\/wp-content\/uploads\/2022\/04\/cochon-a-la-broche-comite-des-fetes-Vernajoul.jpg 720w, http:\/\/www.vernajoul.fr\/wp-content\/uploads\/2022\/04\/cochon-a-la-broche-comite-des-fetes-Vernajoul-225x300.jpg 225w\" sizes=\"auto, (max-width: 720px) 100vw, 720px\" \/><\/figure><\/li><\/ul><\/figure>\n\n\n\n<div class=\"wp-block-image\"><figure class=\"aligncenter size-large\"><img loading=\"lazy\" decoding=\"async\" width=\"1024\" height=\"576\" src=\"http:\/\/www.vernajoul.fr\/wp-content\/uploads\/2022\/04\/concert-comite-des-fetes-vernajoul-1024x576.jpg\" alt=\"\" class=\"wp-image-1146\" srcset=\"http:\/\/www.vernajoul.fr\/wp-content\/uploads\/2022\/04\/concert-comite-des-fetes-vernajoul-1024x576.jpg 1024w, http:\/\/www.vernajoul.fr\/wp-content\/uploads\/2022\/04\/concert-comite-des-fetes-vernajoul-300x169.jpg 300w, http:\/\/www.vernajoul.fr\/wp-content\/uploads\/2022\/04\/concert-comite-des-fetes-vernajoul-768x432.jpg 768w, http:\/\/www.vernajoul.fr\/wp-content\/uploads\/2022\/04\/concert-comite-des-fetes-vernajoul.jpg 1280w\" sizes=\"auto, (max-width: 1024px) 100vw, 1024px\" \/><\/figure><\/div>\n","protected":false},"excerpt":{"rendered":"<p>Le Comit\u00e9 des F\u00eates Le Comit\u00e9 des F\u00eates organise notamment la f\u00eate locale autour du troisi\u00e8me dimanche du mois de Juillet. On retrouve lors de cette f\u00eate le c\u00e9l\u00e8bre cochon \u00e0 la broche ainsi que le repas fideua mais aussi la course p\u00e9destre Vernajouloise, un concours de p\u00e9tanque, une soir\u00e9e anim\u00e9e avec DJ et\/ou orchestre.<\/p>\n","protected":false},"author":1,"featured_media":0,"parent":0,"menu_order":0,"comment_status":"closed","ping_status":"closed","template":"","meta":{"footnotes":""},"class_list":["post-253","page","type-page","status-publish","hentry"],"_links":{"self":[{"href":"http:\/\/www.vernajoul.fr\/index.php\/wp-json\/wp\/v2\/pages\/253","targetHints":{"allow":["GET"]}}],"collection":[{"href":"http:\/\/www.vernajoul.fr\/index.php\/wp-json\/wp\/v2\/pages"}],"about":[{"href":"http:\/\/www.vernajoul.fr\/index.php\/wp-json\/wp\/v2\/types\/page"}],"author":[{"embeddable":true,"href":"http:\/\/www.vernajoul.fr\/index.php\/wp-json\/wp\/v2\/users\/1"}],"replies":[{"embeddable":true,"href":"http:\/\/www.vernajoul.fr\/index.php\/wp-json\/wp\/v2\/comments?post=253"}],"version-history":[{"count":0,"href":"http:\/\/www.vernajoul.fr\/index.php\/wp-json\/wp\/v2\/pages\/253\/revisions"}],"wp:attachment":[{"href":"http:\/\/www.vernajoul.fr\/index.php\/wp-json\/wp\/v2\/media?parent=253"}],"curies":[{"name":"wp","href":"https:\/\/api.w.org\/{rel}","templated":true}]}}