{"id":250,"date":"2021-02-28T11:50:21","date_gmt":"2021-02-28T10:50:21","guid":{"rendered":"http:\/\/www.vernajoul.fr\/?page_id=250"},"modified":"2022-10-10T15:33:49","modified_gmt":"2022-10-10T13:33:49","slug":"rugby-les-loups-de-pamiers-vernajoul-xiii","status":"publish","type":"page","link":"http:\/\/www.vernajoul.fr\/index.php\/rugby-les-loups-de-pamiers-vernajoul-xiii\/","title":{"rendered":"Rugby &#8211; Les Loups de Pamiers-Vernajoul XIII"},"content":{"rendered":"\n<p>L&rsquo;\u00e9cole de Rugby \u00e0 XIII accueille des enfants d\u00e8s l&rsquo;\u00e2ge de 4 ans, filles et gar\u00e7ons confondus.<\/p>\n\n\n\n<p>Les entra\u00eenements ont lieu comme suit :<\/p>\n\n\n\n<ul class=\"wp-block-list\"><li>tous les samedis de 10h \u00e0 12h au stade Magnagounet \u00e0 Pamiers pour les 4-11 ans<\/li><li>tous les mercredis de 18h \u00e0 19h30 au stade derri\u00e8re le coll\u00e8ge Bayle \u00e0 Pamiers pour les 12-15 ans<\/li><li>tous les vendredis de 18h30 \u00e0 19h30 au stade Magnagounet \u00e0 Pamiers pour les 12-15 ans<\/li><\/ul>\n\n\n\n<div style=\"height:56px\" aria-hidden=\"true\" class=\"wp-block-spacer\"><\/div>\n\n\n\n<div class=\"wp-block-image\"><figure class=\"aligncenter size-full is-resized\"><img loading=\"lazy\" decoding=\"async\" src=\"http:\/\/www.vernajoul.fr\/wp-content\/uploads\/2022\/02\/logo-edr-Loups.png\" alt=\"\" class=\"wp-image-1074\" width=\"406\" height=\"430\" srcset=\"http:\/\/www.vernajoul.fr\/wp-content\/uploads\/2022\/02\/logo-edr-Loups.png 564w, http:\/\/www.vernajoul.fr\/wp-content\/uploads\/2022\/02\/logo-edr-Loups-283x300.png 283w\" sizes=\"auto, (max-width: 406px) 100vw, 406px\" \/><\/figure><\/div>\n","protected":false},"excerpt":{"rendered":"<p>L&rsquo;\u00e9cole de Rugby \u00e0 XIII accueille des enfants d\u00e8s l&rsquo;\u00e2ge de 4 ans, filles et gar\u00e7ons confondus. Les entra\u00eenements ont lieu comme suit : tous les samedis de 10h \u00e0 12h au stade Magnagounet \u00e0 Pamiers pour les 4-11 ans tous les mercredis de 18h \u00e0 19h30 au stade derri\u00e8re le coll\u00e8ge Bayle \u00e0 Pamiers [&hellip;]<\/p>\n","protected":false},"author":1,"featured_media":0,"parent":0,"menu_order":0,"comment_status":"closed","ping_status":"closed","template":"","meta":{"footnotes":""},"class_list":["post-250","page","type-page","status-publish","hentry"],"_links":{"self":[{"href":"http:\/\/www.vernajoul.fr\/index.php\/wp-json\/wp\/v2\/pages\/250","targetHints":{"allow":["GET"]}}],"collection":[{"href":"http:\/\/www.vernajoul.fr\/index.php\/wp-json\/wp\/v2\/pages"}],"about":[{"href":"http:\/\/www.vernajoul.fr\/index.php\/wp-json\/wp\/v2\/types\/page"}],"author":[{"embeddable":true,"href":"http:\/\/www.vernajoul.fr\/index.php\/wp-json\/wp\/v2\/users\/1"}],"replies":[{"embeddable":true,"href":"http:\/\/www.vernajoul.fr\/index.php\/wp-json\/wp\/v2\/comments?post=250"}],"version-history":[{"count":0,"href":"http:\/\/www.vernajoul.fr\/index.php\/wp-json\/wp\/v2\/pages\/250\/revisions"}],"wp:attachment":[{"href":"http:\/\/www.vernajoul.fr\/index.php\/wp-json\/wp\/v2\/media?parent=250"}],"curies":[{"name":"wp","href":"https:\/\/api.w.org\/{rel}","templated":true}]}}