{"id":246,"date":"2021-02-28T11:47:23","date_gmt":"2021-02-28T10:47:23","guid":{"rendered":"http:\/\/www.vernajoul.fr\/?page_id=246"},"modified":"2021-03-31T10:25:13","modified_gmt":"2021-03-31T08:25:13","slug":"la-chasse","status":"publish","type":"page","link":"http:\/\/www.vernajoul.fr\/index.php\/la-chasse\/","title":{"rendered":"L&rsquo;ACCA"},"content":{"rendered":"\n<h2 class=\"wp-block-heading\">L&rsquo;ACCA est une association qui regroupe une vingtaine de chasseurs sur le territoire de la commune.<br><\/h2>\n\n\n\n<p>Vous pouvez les rejoindre et contacter le Pr\u00e9sident :<\/p>\n\n\n\n<p>Christian Lacoste au 05 61 02 94 36<\/p>\n\n\n\n<p><\/p>\n\n\n\n<h1 class=\"wp-block-heading\">Inauguration de la Maison de la Chasse<\/h1>\n\n\n\n<p>Inauguration de la Maison de la Chasse en pr\u00e9sence d&rsquo;un repr\u00e9sentant de la F\u00e9d\u00e9ration D\u00e9partementale de la Chasse, de Monsieur le Maire accompagn\u00e9 d&rsquo;une partie de la municipalit\u00e9. Une occasion pour le Pr\u00e9sident Christian Lacoste de remercier toutes les personnes qui ont particip\u00e9 \u00e0 cette belle r\u00e9alisation et notamment les employ\u00e9s communaux.<\/p>\n\n\n\n<figure class=\"wp-block-image size-large\"><img loading=\"lazy\" decoding=\"async\" width=\"320\" height=\"240\" src=\"http:\/\/www.vernajoul.fr\/wp-content\/uploads\/2021\/02\/acca1.jpg\" alt=\"\" class=\"wp-image-247\" srcset=\"http:\/\/www.vernajoul.fr\/wp-content\/uploads\/2021\/02\/acca1.jpg 320w, http:\/\/www.vernajoul.fr\/wp-content\/uploads\/2021\/02\/acca1-300x225.jpg 300w\" sizes=\"auto, (max-width: 320px) 100vw, 320px\" \/><\/figure>\n","protected":false},"excerpt":{"rendered":"<p>L&rsquo;ACCA est une association qui regroupe une vingtaine de chasseurs sur le territoire de la commune. Vous pouvez les rejoindre et contacter le Pr\u00e9sident : Christian Lacoste au 05 61 02 94 36 Inauguration de la Maison de la Chasse Inauguration de la Maison de la Chasse en pr\u00e9sence d&rsquo;un repr\u00e9sentant de la F\u00e9d\u00e9ration D\u00e9partementale [&hellip;]<\/p>\n","protected":false},"author":1,"featured_media":0,"parent":0,"menu_order":0,"comment_status":"closed","ping_status":"closed","template":"","meta":{"footnotes":""},"class_list":["post-246","page","type-page","status-publish","hentry"],"_links":{"self":[{"href":"http:\/\/www.vernajoul.fr\/index.php\/wp-json\/wp\/v2\/pages\/246","targetHints":{"allow":["GET"]}}],"collection":[{"href":"http:\/\/www.vernajoul.fr\/index.php\/wp-json\/wp\/v2\/pages"}],"about":[{"href":"http:\/\/www.vernajoul.fr\/index.php\/wp-json\/wp\/v2\/types\/page"}],"author":[{"embeddable":true,"href":"http:\/\/www.vernajoul.fr\/index.php\/wp-json\/wp\/v2\/users\/1"}],"replies":[{"embeddable":true,"href":"http:\/\/www.vernajoul.fr\/index.php\/wp-json\/wp\/v2\/comments?post=246"}],"version-history":[{"count":0,"href":"http:\/\/www.vernajoul.fr\/index.php\/wp-json\/wp\/v2\/pages\/246\/revisions"}],"wp:attachment":[{"href":"http:\/\/www.vernajoul.fr\/index.php\/wp-json\/wp\/v2\/media?parent=246"}],"curies":[{"name":"wp","href":"https:\/\/api.w.org\/{rel}","templated":true}]}}