{"id":218,"date":"2021-02-24T15:37:27","date_gmt":"2021-02-24T14:37:27","guid":{"rendered":"http:\/\/www.vernajoul.fr\/?page_id=218"},"modified":"2021-04-22T17:29:58","modified_gmt":"2021-04-22T15:29:58","slug":"nuisances-sonores","status":"publish","type":"page","link":"http:\/\/www.vernajoul.fr\/index.php\/nuisances-sonores\/","title":{"rendered":"Nuisances sonores"},"content":{"rendered":"\n<p>Chaque personne g\u00e9n\u00e8re quotidiennement du bruit et chaque personne aspire \u00e0 la qui\u00e9tude. <\/p>\n\n\n\n<p>Il s&rsquo;agit de trouver le bon \u00e9quilibre permettant \u00e0 chacun d&rsquo;accomplir ses activit\u00e9s tout en respectant la tranquillit\u00e9 des autres.<\/p>\n\n\n\n<div class=\"wp-block-file\"><a href=\"http:\/\/www.vernajoul.fr\/wp-content\/uploads\/2021\/04\/Arrete-Municipal-51-2020-Bruits-de-Voisinage.pdf\">Arrete-Municipal-51-2020-Bruits-de-Voisinage<\/a><a href=\"http:\/\/www.vernajoul.fr\/wp-content\/uploads\/2021\/04\/Arrete-Municipal-51-2020-Bruits-de-Voisinage.pdf\" class=\"wp-block-file__button\" download>T\u00e9l\u00e9charger<\/a><\/div>\n\n\n\n<p><\/p>\n","protected":false},"excerpt":{"rendered":"<p>Chaque personne g\u00e9n\u00e8re quotidiennement du bruit et chaque personne aspire \u00e0 la qui\u00e9tude. Il s&rsquo;agit de trouver le bon \u00e9quilibre permettant \u00e0 chacun d&rsquo;accomplir ses activit\u00e9s tout en respectant la tranquillit\u00e9 des autres.<\/p>\n","protected":false},"author":1,"featured_media":0,"parent":0,"menu_order":0,"comment_status":"closed","ping_status":"closed","template":"","meta":{"footnotes":""},"class_list":["post-218","page","type-page","status-publish","hentry"],"_links":{"self":[{"href":"http:\/\/www.vernajoul.fr\/index.php\/wp-json\/wp\/v2\/pages\/218","targetHints":{"allow":["GET"]}}],"collection":[{"href":"http:\/\/www.vernajoul.fr\/index.php\/wp-json\/wp\/v2\/pages"}],"about":[{"href":"http:\/\/www.vernajoul.fr\/index.php\/wp-json\/wp\/v2\/types\/page"}],"author":[{"embeddable":true,"href":"http:\/\/www.vernajoul.fr\/index.php\/wp-json\/wp\/v2\/users\/1"}],"replies":[{"embeddable":true,"href":"http:\/\/www.vernajoul.fr\/index.php\/wp-json\/wp\/v2\/comments?post=218"}],"version-history":[{"count":0,"href":"http:\/\/www.vernajoul.fr\/index.php\/wp-json\/wp\/v2\/pages\/218\/revisions"}],"wp:attachment":[{"href":"http:\/\/www.vernajoul.fr\/index.php\/wp-json\/wp\/v2\/media?parent=218"}],"curies":[{"name":"wp","href":"https:\/\/api.w.org\/{rel}","templated":true}]}}