{"id":214,"date":"2021-02-24T15:35:55","date_gmt":"2021-02-24T14:35:55","guid":{"rendered":"http:\/\/www.vernajoul.fr\/?page_id=214"},"modified":"2024-04-08T14:51:36","modified_gmt":"2024-04-08T12:51:36","slug":"marche","status":"publish","type":"page","link":"http:\/\/www.vernajoul.fr\/index.php\/marche\/","title":{"rendered":"March\u00e9"},"content":{"rendered":"<div class=\"wp-block-image\">\n<figure class=\"aligncenter size-full is-resized\"><img loading=\"lazy\" decoding=\"async\" width=\"768\" height=\"725\" src=\"http:\/\/www.vernajoul.fr\/wp-content\/uploads\/2022\/02\/affiche_marche_2021-768x725-1.jpg\" alt=\"\" class=\"wp-image-1078\" style=\"width:482px;height:455px\" srcset=\"http:\/\/www.vernajoul.fr\/wp-content\/uploads\/2022\/02\/affiche_marche_2021-768x725-1.jpg 768w, http:\/\/www.vernajoul.fr\/wp-content\/uploads\/2022\/02\/affiche_marche_2021-768x725-1-300x283.jpg 300w\" sizes=\"auto, (max-width: 768px) 100vw, 768px\" \/><\/figure><\/div>\n\n\n<p>Les commer\u00e7ants pr\u00e9sents sur le march\u00e9 de Vernajoul sont :<\/p>\n\n\n\n<figure class=\"wp-block-table is-style-stripes\"><table><tbody><tr><td>Red Primeur \u2013 B\u00e9lesta<br>Redouane Hammouche \u2013 06 11 60 49 24 <br><strong>Fruits et l\u00e9gumes &nbsp;<\/strong><\/td><\/tr><tr><td>Boucherie &#8211; Agriculteurs GAEC de la COUMES<br>Saint Martin de Caralp &#8211; 05 61 02 63 62<br><strong>Plats cuisin\u00e9s \u2013 Boucherie \u00a0<\/strong><\/td><\/tr><tr><td>L&rsquo;\u00e9tal de Floris<br>Crampagna <br><strong>Fromager &nbsp;<\/strong><\/td><\/tr><\/tbody><\/table><\/figure>\n\n\n\n<p><\/p>\n\n\n\n<p>Les commer\u00e7ants souhaitant proposer leurs services pour le march\u00e9 de Vernajoul sont invit\u00e9s \u00e0 remplir le formulaire d&rsquo;inscription et \u00e0 prendre contact avec la Mairie de Vernajoul<\/p>\n\n\n\n<div class=\"wp-block-file\"><a id=\"wp-block-file--media-5a0fceb1-d189-4a15-bd68-7b4671eb3f0b\" href=\"http:\/\/www.vernajoul.fr\/wp-content\/uploads\/2021\/03\/Marche-formulaire-demande.pdf\">Marche-formulaire-demande<\/a><a href=\"http:\/\/www.vernajoul.fr\/wp-content\/uploads\/2021\/03\/Marche-formulaire-demande.pdf\" class=\"wp-block-file__button wp-element-button\" download aria-describedby=\"wp-block-file--media-5a0fceb1-d189-4a15-bd68-7b4671eb3f0b\">T\u00e9l\u00e9charger<\/a><\/div>\n\n\n\n<p><\/p>\n","protected":false},"excerpt":{"rendered":"<p>Les commer\u00e7ants pr\u00e9sents sur le march\u00e9 de Vernajoul sont : Red Primeur \u2013 B\u00e9lestaRedouane Hammouche \u2013 06 11 60 49 24 Fruits et l\u00e9gumes &nbsp; Boucherie &#8211; Agriculteurs GAEC de la COUMESSaint Martin de Caralp &#8211; 05 61 02 63 62Plats cuisin\u00e9s \u2013 Boucherie \u00a0 L&rsquo;\u00e9tal de FlorisCrampagna Fromager &nbsp; Les commer\u00e7ants souhaitant proposer leurs [&hellip;]<\/p>\n","protected":false},"author":1,"featured_media":0,"parent":0,"menu_order":0,"comment_status":"closed","ping_status":"closed","template":"","meta":{"footnotes":""},"class_list":["post-214","page","type-page","status-publish","hentry"],"_links":{"self":[{"href":"http:\/\/www.vernajoul.fr\/index.php\/wp-json\/wp\/v2\/pages\/214","targetHints":{"allow":["GET"]}}],"collection":[{"href":"http:\/\/www.vernajoul.fr\/index.php\/wp-json\/wp\/v2\/pages"}],"about":[{"href":"http:\/\/www.vernajoul.fr\/index.php\/wp-json\/wp\/v2\/types\/page"}],"author":[{"embeddable":true,"href":"http:\/\/www.vernajoul.fr\/index.php\/wp-json\/wp\/v2\/users\/1"}],"replies":[{"embeddable":true,"href":"http:\/\/www.vernajoul.fr\/index.php\/wp-json\/wp\/v2\/comments?post=214"}],"version-history":[{"count":0,"href":"http:\/\/www.vernajoul.fr\/index.php\/wp-json\/wp\/v2\/pages\/214\/revisions"}],"wp:attachment":[{"href":"http:\/\/www.vernajoul.fr\/index.php\/wp-json\/wp\/v2\/media?parent=214"}],"curies":[{"name":"wp","href":"https:\/\/api.w.org\/{rel}","templated":true}]}}