{"id":212,"date":"2021-02-24T15:35:30","date_gmt":"2021-02-24T14:35:30","guid":{"rendered":"http:\/\/www.vernajoul.fr\/?page_id=212"},"modified":"2026-03-30T16:01:23","modified_gmt":"2026-03-30T14:01:23","slug":"demarches-administratives","status":"publish","type":"page","link":"http:\/\/www.vernajoul.fr\/index.php\/demarches-administratives\/","title":{"rendered":"D\u00e9marches administratives"},"content":{"rendered":"\n<h3 class=\"wp-block-heading\">PI\u00c8CES D&rsquo;IDENTIT\u00c9<\/h3>\n\n\n\n<p>Carte nationale d\u2019identit\u00e9  \u2192 <a href=\"https:\/\/passeport.ants.gouv.fr\/demarches-en-ligne\" target=\"_blank\" rel=\"noreferrer noopener\">Carte nationale d\u2019identit\u00e9<\/a><\/p>\n\n\n\n<p>Passeport  \u2192 <a href=\"https:\/\/passeport.ants.gouv.fr\/demarches-en-ligne\" target=\"_blank\" rel=\"noreferrer noopener\">Passeport<\/a><\/p>\n\n\n\n<p><\/p>\n\n\n\n<h3 class=\"wp-block-heading\">FAMILLE<\/h3>\n\n\n\n<p>Mariage \u2192 <a href=\"https:\/\/www.service-public.fr\/particuliers\/vosdroits\/N142\" target=\"_blank\" rel=\"noreferrer noopener\">Mariage<\/a><\/p>\n\n\n\n<p>Pacte civil de solidarit\u00e9 (Pacs) \u2192 <a href=\"https:\/\/www.service-public.gouv.fr\/particuliers\/vosdroits\/N144\">Pacte civil de solidarit\u00e9 (Pacs)<\/a><\/p>\n\n\n\n<p><\/p>\n\n\n\n<h3 class=\"wp-block-heading\">URBANISME<\/h3>\n\n\n\n<p>A partir du 01\/01\/2022, il est possible de d\u00e9poser vos demandes d&rsquo;urbanisme par voie d\u00e9mat\u00e9rialis\u00e9e \u00e0 l&rsquo;adresse suivante : <a href=\"https:\/\/portail-usager.sirap.com\/\" target=\"_blank\" rel=\"noreferrer noopener\">Portail usagers<\/a><\/p>\n\n\n\n<p>Il s&rsquo;agit d&rsquo;un t\u00e9l\u00e9service. Apr\u00e8s avoir cr\u00e9er votre profil, vous pourrez g\u00e9n\u00e9rer une demande d&rsquo;urbanisme et suivre vos dossiers ainsi d\u00e9pos\u00e9s (voir didacticiel ci-dessous). Toute demande d\u00e9pos\u00e9e avant le 01\/01\/2022 ou d\u00e9pos\u00e9e par un autre moyen, sur une adresse mail de la commune par exemple, sera rejet\u00e9e. <\/p>\n\n\n\n<div class=\"wp-block-file\"><a href=\"http:\/\/www.vernajoul.fr\/wp-content\/uploads\/2021\/12\/Didacticiel-simplifie-SVE.pdf\">Didacticiel simplifi\u00e9 SVE (d\u00e9p\u00f4t des demandes)<\/a><a href=\"http:\/\/www.vernajoul.fr\/wp-content\/uploads\/2021\/12\/Didacticiel-simplifie-SVE.pdf\" class=\"wp-block-file__button wp-element-button\" download>T\u00e9l\u00e9charger<\/a><\/div>\n\n\n\n<p>Les d\u00e9p\u00f4ts en \u00ab\u00a0format papier\u00a0\u00bb aupr\u00e8s du secr\u00e9tariat de mairie restent possibles. <\/p>\n\n\n\n<h3 class=\"wp-block-heading\">\u00c9LECTIONS<\/h3>\n\n\n\n<p>Listes \u00e9lectorales : nouvelle inscription \u2192 <a href=\"https:\/\/www.service-public.fr\/particuliers\/vosdroits\/R16396\" target=\"_blank\" rel=\"noreferrer noopener\"> Inscription listes \u00e9lectorales<\/a><\/p>\n\n\n\n<p><\/p>\n\n\n\n<h3 class=\"wp-block-heading\">RECENSEMENT MILITAIRE<\/h3>\n\n\n\n<p>Recensement militaire (ou recensement citoyen) \u2192 <a href=\"https:\/\/www.service-public.fr\/particuliers\/vosdroits\/F870\">Recensement militaire<\/a><\/p>\n\n\n\n<p><\/p>\n\n\n\n<h3 class=\"wp-block-heading\">TRANSPORT<\/h3>\n\n\n\n<p>Permis de conduire \u2192 <a href=\"https:\/\/ants.gouv.fr\/\" target=\"_blank\" rel=\"noreferrer noopener\">Permis de conduire<\/a><\/p>\n\n\n\n<p id=\"Recensementmilitaire\">Certificat d&rsquo;immatriculation (carte grise) \u2192 <a href=\"https:\/\/ants.gouv.fr\/\" target=\"_blank\" rel=\"noreferrer noopener\">Certificat d\u2019immatriculation <\/a><\/p>\n\n\n\n<p><\/p>\n\n\n\n<p><\/p>\n\n\n\n<p class=\"has-text-color\" style=\"color:#d91e1e\">RAPPEL : la d\u00e9livrance d\u2019actes d\u2019\u00e9tat-civil est&nbsp;GRATUITE. Tout site internet proposant ce service contre r\u00e9mun\u00e9ration peut \u00eatre soup\u00e7onn\u00e9 comme frauduleux. La demande s\u2019effectue directement aupr\u00e8s de la commune o\u00f9 l\u2019acte a \u00e9t\u00e9 constat\u00e9 ou bien via les sites gouvernementaux (extension gouv.fr). Art.29 du Code de l\u2019\u00c9tat-civil.<\/p>\n","protected":false},"excerpt":{"rendered":"<p>PI\u00c8CES D&rsquo;IDENTIT\u00c9 Carte nationale d\u2019identit\u00e9 \u2192 Carte nationale d\u2019identit\u00e9 Passeport \u2192 Passeport FAMILLE Mariage \u2192 Mariage Pacte civil de solidarit\u00e9 (Pacs) \u2192 Pacte civil de solidarit\u00e9 (Pacs) URBANISME A partir du 01\/01\/2022, il est possible de d\u00e9poser vos demandes d&rsquo;urbanisme par voie d\u00e9mat\u00e9rialis\u00e9e \u00e0 l&rsquo;adresse suivante : Portail usagers Il s&rsquo;agit d&rsquo;un t\u00e9l\u00e9service. Apr\u00e8s avoir [&hellip;]<\/p>\n","protected":false},"author":1,"featured_media":0,"parent":0,"menu_order":0,"comment_status":"closed","ping_status":"closed","template":"","meta":{"footnotes":""},"class_list":["post-212","page","type-page","status-publish","hentry"],"_links":{"self":[{"href":"http:\/\/www.vernajoul.fr\/index.php\/wp-json\/wp\/v2\/pages\/212","targetHints":{"allow":["GET"]}}],"collection":[{"href":"http:\/\/www.vernajoul.fr\/index.php\/wp-json\/wp\/v2\/pages"}],"about":[{"href":"http:\/\/www.vernajoul.fr\/index.php\/wp-json\/wp\/v2\/types\/page"}],"author":[{"embeddable":true,"href":"http:\/\/www.vernajoul.fr\/index.php\/wp-json\/wp\/v2\/users\/1"}],"replies":[{"embeddable":true,"href":"http:\/\/www.vernajoul.fr\/index.php\/wp-json\/wp\/v2\/comments?post=212"}],"version-history":[{"count":0,"href":"http:\/\/www.vernajoul.fr\/index.php\/wp-json\/wp\/v2\/pages\/212\/revisions"}],"wp:attachment":[{"href":"http:\/\/www.vernajoul.fr\/index.php\/wp-json\/wp\/v2\/media?parent=212"}],"curies":[{"name":"wp","href":"https:\/\/api.w.org\/{rel}","templated":true}]}}