{"id":189,"date":"2021-02-23T18:33:39","date_gmt":"2021-02-23T17:33:39","guid":{"rendered":"http:\/\/www.vernajoul.fr\/?page_id=189"},"modified":"2025-06-30T12:11:46","modified_gmt":"2025-06-30T10:11:46","slug":"ordures-menageres","status":"publish","type":"page","link":"http:\/\/www.vernajoul.fr\/index.php\/ordures-menageres\/","title":{"rendered":"Ordures m\u00e9nag\u00e8res"},"content":{"rendered":"<div class=\"wp-block-image\">\n<figure class=\"aligncenter size-full\"><img loading=\"lazy\" decoding=\"async\" width=\"980\" height=\"687\" src=\"http:\/\/www.vernajoul.fr\/wp-content\/uploads\/2023\/01\/COLLECTE-SMECTOM-JANVIER-2023-2.png\" alt=\"\" class=\"wp-image-1646\" srcset=\"http:\/\/www.vernajoul.fr\/wp-content\/uploads\/2023\/01\/COLLECTE-SMECTOM-JANVIER-2023-2.png 980w, http:\/\/www.vernajoul.fr\/wp-content\/uploads\/2023\/01\/COLLECTE-SMECTOM-JANVIER-2023-2-300x210.png 300w, http:\/\/www.vernajoul.fr\/wp-content\/uploads\/2023\/01\/COLLECTE-SMECTOM-JANVIER-2023-2-768x538.png 768w\" sizes=\"auto, (max-width: 980px) 100vw, 980px\" \/><\/figure><\/div>\n\n\n<figure class=\"wp-block-gallery has-nested-images columns-default is-cropped wp-block-gallery-1 is-layout-flex wp-block-gallery-is-layout-flex\">\n<figure class=\"wp-block-image size-large\"><img loading=\"lazy\" decoding=\"async\" width=\"1024\" height=\"1024\" data-id=\"2477\" src=\"http:\/\/www.vernajoul.fr\/wp-content\/uploads\/2024\/12\/Changements-au-1-janvier-2025-1-1024x1024.png\" alt=\"\" class=\"wp-image-2477\" srcset=\"http:\/\/www.vernajoul.fr\/wp-content\/uploads\/2024\/12\/Changements-au-1-janvier-2025-1-1024x1024.png 1024w, http:\/\/www.vernajoul.fr\/wp-content\/uploads\/2024\/12\/Changements-au-1-janvier-2025-1-300x300.png 300w, http:\/\/www.vernajoul.fr\/wp-content\/uploads\/2024\/12\/Changements-au-1-janvier-2025-1-150x150.png 150w, http:\/\/www.vernajoul.fr\/wp-content\/uploads\/2024\/12\/Changements-au-1-janvier-2025-1-768x768.png 768w, http:\/\/www.vernajoul.fr\/wp-content\/uploads\/2024\/12\/Changements-au-1-janvier-2025-1-1536x1536.png 1536w, http:\/\/www.vernajoul.fr\/wp-content\/uploads\/2024\/12\/Changements-au-1-janvier-2025-1-2048x2048.png 2048w\" sizes=\"auto, (max-width: 1024px) 100vw, 1024px\" \/><\/figure>\n\n\n\n<figure class=\"wp-block-image size-large\"><img loading=\"lazy\" decoding=\"async\" width=\"1024\" height=\"1024\" data-id=\"2481\" src=\"http:\/\/www.vernajoul.fr\/wp-content\/uploads\/2024\/12\/Changements-au-1-janvier-2025-3-1024x1024.png\" alt=\"\" class=\"wp-image-2481\" srcset=\"http:\/\/www.vernajoul.fr\/wp-content\/uploads\/2024\/12\/Changements-au-1-janvier-2025-3-1024x1024.png 1024w, http:\/\/www.vernajoul.fr\/wp-content\/uploads\/2024\/12\/Changements-au-1-janvier-2025-3-300x300.png 300w, http:\/\/www.vernajoul.fr\/wp-content\/uploads\/2024\/12\/Changements-au-1-janvier-2025-3-150x150.png 150w, http:\/\/www.vernajoul.fr\/wp-content\/uploads\/2024\/12\/Changements-au-1-janvier-2025-3-768x768.png 768w, http:\/\/www.vernajoul.fr\/wp-content\/uploads\/2024\/12\/Changements-au-1-janvier-2025-3-1536x1536.png 1536w, http:\/\/www.vernajoul.fr\/wp-content\/uploads\/2024\/12\/Changements-au-1-janvier-2025-3-2048x2048.png 2048w\" sizes=\"auto, (max-width: 1024px) 100vw, 1024px\" \/><\/figure>\n\n\n\n\n\n<figure class=\"wp-block-image size-large\"><img loading=\"lazy\" decoding=\"async\" width=\"1024\" height=\"1024\" data-id=\"2478\" src=\"http:\/\/www.vernajoul.fr\/wp-content\/uploads\/2024\/12\/Changements-au-1-janvier-2025-4-1024x1024.png\" alt=\"\" class=\"wp-image-2478\" srcset=\"http:\/\/www.vernajoul.fr\/wp-content\/uploads\/2024\/12\/Changements-au-1-janvier-2025-4-1024x1024.png 1024w, http:\/\/www.vernajoul.fr\/wp-content\/uploads\/2024\/12\/Changements-au-1-janvier-2025-4-300x300.png 300w, http:\/\/www.vernajoul.fr\/wp-content\/uploads\/2024\/12\/Changements-au-1-janvier-2025-4-150x150.png 150w, http:\/\/www.vernajoul.fr\/wp-content\/uploads\/2024\/12\/Changements-au-1-janvier-2025-4-768x768.png 768w, http:\/\/www.vernajoul.fr\/wp-content\/uploads\/2024\/12\/Changements-au-1-janvier-2025-4-1536x1536.png 1536w, http:\/\/www.vernajoul.fr\/wp-content\/uploads\/2024\/12\/Changements-au-1-janvier-2025-4-2048x2048.png 2048w\" sizes=\"auto, (max-width: 1024px) 100vw, 1024px\" \/><\/figure>\n\n\n\n<figure class=\"wp-block-image size-large\"><img loading=\"lazy\" decoding=\"async\" width=\"1024\" height=\"1024\" data-id=\"2480\" src=\"http:\/\/www.vernajoul.fr\/wp-content\/uploads\/2024\/12\/Changements-au-1-janvier-2025-5-1024x1024.png\" alt=\"\" class=\"wp-image-2480\" srcset=\"http:\/\/www.vernajoul.fr\/wp-content\/uploads\/2024\/12\/Changements-au-1-janvier-2025-5-1024x1024.png 1024w, http:\/\/www.vernajoul.fr\/wp-content\/uploads\/2024\/12\/Changements-au-1-janvier-2025-5-300x300.png 300w, http:\/\/www.vernajoul.fr\/wp-content\/uploads\/2024\/12\/Changements-au-1-janvier-2025-5-150x150.png 150w, http:\/\/www.vernajoul.fr\/wp-content\/uploads\/2024\/12\/Changements-au-1-janvier-2025-5-768x768.png 768w, http:\/\/www.vernajoul.fr\/wp-content\/uploads\/2024\/12\/Changements-au-1-janvier-2025-5-1536x1536.png 1536w, http:\/\/www.vernajoul.fr\/wp-content\/uploads\/2024\/12\/Changements-au-1-janvier-2025-5-2048x2048.png 2048w\" sizes=\"auto, (max-width: 1024px) 100vw, 1024px\" \/><\/figure>\n\n\n\n<figure class=\"wp-block-image size-large\"><img loading=\"lazy\" decoding=\"async\" width=\"1024\" height=\"1024\" data-id=\"2482\" src=\"http:\/\/www.vernajoul.fr\/wp-content\/uploads\/2024\/12\/Changements-au-1-janvier-2025-6-1-1024x1024.png\" alt=\"\" class=\"wp-image-2482\" srcset=\"http:\/\/www.vernajoul.fr\/wp-content\/uploads\/2024\/12\/Changements-au-1-janvier-2025-6-1-1024x1024.png 1024w, http:\/\/www.vernajoul.fr\/wp-content\/uploads\/2024\/12\/Changements-au-1-janvier-2025-6-1-300x300.png 300w, http:\/\/www.vernajoul.fr\/wp-content\/uploads\/2024\/12\/Changements-au-1-janvier-2025-6-1-150x150.png 150w, http:\/\/www.vernajoul.fr\/wp-content\/uploads\/2024\/12\/Changements-au-1-janvier-2025-6-1-768x768.png 768w, http:\/\/www.vernajoul.fr\/wp-content\/uploads\/2024\/12\/Changements-au-1-janvier-2025-6-1-1536x1536.png 1536w, http:\/\/www.vernajoul.fr\/wp-content\/uploads\/2024\/12\/Changements-au-1-janvier-2025-6-1-2048x2048.png 2048w\" sizes=\"auto, (max-width: 1024px) 100vw, 1024px\" \/><\/figure>\n<\/figure>\n\n\n\n<h2 class=\"wp-block-heading\">Comprendre la Taxe d&rsquo;Enl\u00e8vements des Ordures M\u00e9nag\u00e8res incitative (TEOMi)<\/h2>\n\n\n\n<p>Tous les d\u00e9tails sur cette taxe sur le site internet du SMECTOM : https:\/\/www.smectom.fr\/teomi-taxe-dechets\/<\/p>\n\n\n\n<figure class=\"wp-block-image size-full\"><img loading=\"lazy\" decoding=\"async\" width=\"1024\" height=\"536\" src=\"http:\/\/www.vernajoul.fr\/wp-content\/uploads\/2025\/06\/image.png\" alt=\"\" class=\"wp-image-2677\" srcset=\"http:\/\/www.vernajoul.fr\/wp-content\/uploads\/2025\/06\/image.png 1024w, http:\/\/www.vernajoul.fr\/wp-content\/uploads\/2025\/06\/image-300x157.png 300w, http:\/\/www.vernajoul.fr\/wp-content\/uploads\/2025\/06\/image-768x402.png 768w\" sizes=\"auto, (max-width: 1024px) 100vw, 1024px\" \/><\/figure>\n\n\n<div class=\"wp-block-image\">\n<figure class=\"aligncenter size-full\"><img loading=\"lazy\" decoding=\"async\" width=\"683\" height=\"796\" src=\"http:\/\/www.vernajoul.fr\/wp-content\/uploads\/2023\/11\/TEOMI-DATES.jpg\" alt=\"\" class=\"wp-image-2096\" srcset=\"http:\/\/www.vernajoul.fr\/wp-content\/uploads\/2023\/11\/TEOMI-DATES.jpg 683w, http:\/\/www.vernajoul.fr\/wp-content\/uploads\/2023\/11\/TEOMI-DATES-257x300.jpg 257w\" sizes=\"auto, (max-width: 683px) 100vw, 683px\" \/><\/figure><\/div>\n\n<div class=\"wp-block-image\">\n<figure class=\"aligncenter size-large\"><img loading=\"lazy\" decoding=\"async\" width=\"697\" height=\"1024\" src=\"http:\/\/www.vernajoul.fr\/wp-content\/uploads\/2024\/03\/Dans-la-poubelle-noire-2023-697x1024.png\" alt=\"\" class=\"wp-image-2191\" srcset=\"http:\/\/www.vernajoul.fr\/wp-content\/uploads\/2024\/03\/Dans-la-poubelle-noire-2023-697x1024.png 697w, http:\/\/www.vernajoul.fr\/wp-content\/uploads\/2024\/03\/Dans-la-poubelle-noire-2023-204x300.png 204w, http:\/\/www.vernajoul.fr\/wp-content\/uploads\/2024\/03\/Dans-la-poubelle-noire-2023-768x1128.png 768w, http:\/\/www.vernajoul.fr\/wp-content\/uploads\/2024\/03\/Dans-la-poubelle-noire-2023-1045x1536.png 1045w, http:\/\/www.vernajoul.fr\/wp-content\/uploads\/2024\/03\/Dans-la-poubelle-noire-2023-1394x2048.png 1394w, http:\/\/www.vernajoul.fr\/wp-content\/uploads\/2024\/03\/Dans-la-poubelle-noire-2023.png 1688w\" sizes=\"auto, (max-width: 697px) 100vw, 697px\" \/><\/figure><\/div>\n\n\n<p> Copyright \u00a9 SMECTOM du Plantaurel <\/p>\n\n\n\n<div style=\"height:51px\" aria-hidden=\"true\" class=\"wp-block-spacer\"><\/div>\n\n\n\n<h3 class=\"wp-block-heading\">Collecte des ordures m\u00e9nag\u00e8res<\/h3>\n\n\n\n<p>Mercredi semaines impaires<\/p>\n\n\n\n<p><\/p>\n\n\n\n<h3 class=\"wp-block-heading\">Collecte des emballages recyclables l\u00e9gers (bacs jaunes)<\/h3>\n\n\n\n<p>Mercredi semaines paires<\/p>\n\n\n\n<p><\/p>\n\n\n\n<h3 class=\"wp-block-heading\">Collecte des encombrants<\/h3>\n\n\n\n<p>ATTENTION : La collecte des encombrants se fait uniquement sur demande. Pour prendre rendez-vous, merci de contacter le SMECTOM du Plantaurel ou remplir <a href=\"https:\/\/www.smectom.fr\/les-encombrants\/\">ce formulaire.<\/a><\/p>\n\n\n\n<p><\/p>\n\n\n\n<h3 class=\"wp-block-heading\">Les d\u00e9chets verts<\/h3>\n\n\n\n<p>Les d\u00e9chets verts doivent \u00eatre amen\u00e9s \u00e0 la d\u00e9ch\u00e8terie.<\/p>\n\n\n\n<p><\/p>\n\n\n\n<h3 class=\"wp-block-heading\">Point d&rsquo;apport volontaire<\/h3>\n\n\n\n<p>Bornes verre et papier situ\u00e9es \u00e0 c\u00f4t\u00e9 du cimeti\u00e8re.<\/p>\n\n\n\n<p><\/p>\n\n\n\n<h3 class=\"wp-block-heading\">D\u00e9ch\u00e8terie de FOIX<\/h3>\n\n\n\n<p>Les horaires d&rsquo;ouverture et les informations des d\u00e9ch\u00e8teries sont disponibles sur le site du SMECTOM au lien suivant : <a href=\"https:\/\/www.smectom.fr\/decheteries\/\">D\u00e9ch\u00e8teries en savoir plus<\/a>. <\/p>\n\n\n\n<p>Astuce : pour gagner du temps en d\u00e9chetterie : s\u00e9parer vos d\u00e9chets avant de vous y rendre<\/p>\n\n\n\n<p><\/p>\n\n\n\n<h3 class=\"wp-block-heading has-text-color\" style=\"color:#cb3214\">RAPPEL <\/h3>\n\n\n\n<p class=\"has-text-color\" style=\"color:#d2290f\">Dans un souci de salubrit\u00e9 et de partage de l\u2019espace public, les containers doivent \u00eatre stock\u00e9s chez vous en attendant la collecte et doivent, \u00e0 ce titre, \u00eatre d\u00e9pos\u00e9s au plus t\u00f4t la veille au soir, soit le mercredi. Ils doivent \u00eatre rentr\u00e9s aussit\u00f4t le ramassage effectu\u00e9.<\/p>\n\n\n<div class=\"wp-block-image\">\n<figure class=\"aligncenter size-full\"><img loading=\"lazy\" decoding=\"async\" width=\"1024\" height=\"768\" src=\"http:\/\/www.vernajoul.fr\/wp-content\/uploads\/2022\/06\/Memo_smectom_bacjaune.jpg\" alt=\"\" class=\"wp-image-1231\" srcset=\"http:\/\/www.vernajoul.fr\/wp-content\/uploads\/2022\/06\/Memo_smectom_bacjaune.jpg 1024w, http:\/\/www.vernajoul.fr\/wp-content\/uploads\/2022\/06\/Memo_smectom_bacjaune-300x225.jpg 300w, http:\/\/www.vernajoul.fr\/wp-content\/uploads\/2022\/06\/Memo_smectom_bacjaune-768x576.jpg 768w\" sizes=\"auto, (max-width: 1024px) 100vw, 1024px\" \/><\/figure><\/div>\n\n<div class=\"wp-block-image\">\n<figure class=\"aligncenter size-full is-resized\"><img loading=\"lazy\" decoding=\"async\" width=\"680\" height=\"478\" src=\"http:\/\/www.vernajoul.fr\/wp-content\/uploads\/2022\/01\/MEMOTRI1.png\" alt=\"\" class=\"wp-image-1012\" style=\"width:711px;height:500px\" srcset=\"http:\/\/www.vernajoul.fr\/wp-content\/uploads\/2022\/01\/MEMOTRI1.png 680w, http:\/\/www.vernajoul.fr\/wp-content\/uploads\/2022\/01\/MEMOTRI1-300x211.png 300w\" sizes=\"auto, (max-width: 680px) 100vw, 680px\" \/><\/figure><\/div>\n\n<div class=\"wp-block-image\">\n<figure class=\"aligncenter size-full is-resized\"><img loading=\"lazy\" decoding=\"async\" width=\"908\" height=\"640\" src=\"http:\/\/www.vernajoul.fr\/wp-content\/uploads\/2022\/01\/MEMOTRI2.png\" alt=\"\" class=\"wp-image-1013\" style=\"width:963px;height:679px\" srcset=\"http:\/\/www.vernajoul.fr\/wp-content\/uploads\/2022\/01\/MEMOTRI2.png 908w, http:\/\/www.vernajoul.fr\/wp-content\/uploads\/2022\/01\/MEMOTRI2-300x211.png 300w, http:\/\/www.vernajoul.fr\/wp-content\/uploads\/2022\/01\/MEMOTRI2-768x541.png 768w\" sizes=\"auto, (max-width: 908px) 100vw, 908px\" \/><\/figure><\/div>\n\n<div class=\"wp-block-image\">\n<figure class=\"aligncenter size-full is-resized\"><img loading=\"lazy\" decoding=\"async\" width=\"966\" height=\"680\" src=\"http:\/\/www.vernajoul.fr\/wp-content\/uploads\/2022\/01\/EMBALLAGESDECHETSDANGEREUX.png\" alt=\"\" class=\"wp-image-1015\" style=\"width:960px;height:675px\" srcset=\"http:\/\/www.vernajoul.fr\/wp-content\/uploads\/2022\/01\/EMBALLAGESDECHETSDANGEREUX.png 966w, http:\/\/www.vernajoul.fr\/wp-content\/uploads\/2022\/01\/EMBALLAGESDECHETSDANGEREUX-300x211.png 300w, http:\/\/www.vernajoul.fr\/wp-content\/uploads\/2022\/01\/EMBALLAGESDECHETSDANGEREUX-768x541.png 768w\" sizes=\"auto, (max-width: 966px) 100vw, 966px\" \/><\/figure><\/div>","protected":false},"excerpt":{"rendered":"<p>Comprendre la Taxe d&rsquo;Enl\u00e8vements des Ordures M\u00e9nag\u00e8res incitative (TEOMi) Tous les d\u00e9tails sur cette taxe sur le site internet du SMECTOM : https:\/\/www.smectom.fr\/teomi-taxe-dechets\/ Copyright \u00a9 SMECTOM du Plantaurel Collecte des ordures m\u00e9nag\u00e8res Mercredi semaines impaires Collecte des emballages recyclables l\u00e9gers (bacs jaunes) Mercredi semaines paires Collecte des encombrants ATTENTION : La collecte des encombrants se [&hellip;]<\/p>\n","protected":false},"author":1,"featured_media":0,"parent":0,"menu_order":0,"comment_status":"closed","ping_status":"closed","template":"","meta":{"footnotes":""},"class_list":["post-189","page","type-page","status-publish","hentry"],"_links":{"self":[{"href":"http:\/\/www.vernajoul.fr\/index.php\/wp-json\/wp\/v2\/pages\/189","targetHints":{"allow":["GET"]}}],"collection":[{"href":"http:\/\/www.vernajoul.fr\/index.php\/wp-json\/wp\/v2\/pages"}],"about":[{"href":"http:\/\/www.vernajoul.fr\/index.php\/wp-json\/wp\/v2\/types\/page"}],"author":[{"embeddable":true,"href":"http:\/\/www.vernajoul.fr\/index.php\/wp-json\/wp\/v2\/users\/1"}],"replies":[{"embeddable":true,"href":"http:\/\/www.vernajoul.fr\/index.php\/wp-json\/wp\/v2\/comments?post=189"}],"version-history":[{"count":0,"href":"http:\/\/www.vernajoul.fr\/index.php\/wp-json\/wp\/v2\/pages\/189\/revisions"}],"wp:attachment":[{"href":"http:\/\/www.vernajoul.fr\/index.php\/wp-json\/wp\/v2\/media?parent=189"}],"curies":[{"name":"wp","href":"https:\/\/api.w.org\/{rel}","templated":true}]}}