{"id":1724,"date":"2023-03-06T14:09:58","date_gmt":"2023-03-06T13:09:58","guid":{"rendered":"http:\/\/www.vernajoul.fr\/?page_id=1724"},"modified":"2023-08-24T16:18:00","modified_gmt":"2023-08-24T14:18:00","slug":"art-mate","status":"publish","type":"page","link":"http:\/\/www.vernajoul.fr\/index.php\/art-mate\/","title":{"rendered":"Art Mate"},"content":{"rendered":"\n<p>L&rsquo;association contribue \u00e0 la diffusion et \u00e0 la cr\u00e9ation des cultures artistiques.<\/p>\n\n\n\n<h3 class=\"wp-block-heading\">Programmation Festival Appel d&rsquo;Air (sous r\u00e9serve de modifications)<\/h3>\n\n\n\n<figure class=\"wp-block-image size-large\"><img loading=\"lazy\" decoding=\"async\" width=\"724\" height=\"1024\" src=\"http:\/\/www.vernajoul.fr\/wp-content\/uploads\/2023\/08\/Programacio\u0301n-1-724x1024.png\" alt=\"\" class=\"wp-image-1934\" srcset=\"http:\/\/www.vernajoul.fr\/wp-content\/uploads\/2023\/08\/Programacio\u0301n-1-724x1024.png 724w, http:\/\/www.vernajoul.fr\/wp-content\/uploads\/2023\/08\/Programacio\u0301n-1-212x300.png 212w, http:\/\/www.vernajoul.fr\/wp-content\/uploads\/2023\/08\/Programacio\u0301n-1-768x1086.png 768w, http:\/\/www.vernajoul.fr\/wp-content\/uploads\/2023\/08\/Programacio\u0301n-1-1086x1536.png 1086w, http:\/\/www.vernajoul.fr\/wp-content\/uploads\/2023\/08\/Programacio\u0301n-1.png 1414w\" sizes=\"auto, (max-width: 724px) 100vw, 724px\" \/><\/figure>\n\n\n\n<h3 class=\"wp-block-heading\">Soutien pour l&rsquo;organisation du Festival <\/h3>\n\n\n\n<p>Les organisateur ont lanc\u00e9 une cagnotte en ligne afin de les aider \u00e0 financer cette manifestation.<\/p>\n\n\n\n<p><a href=\"https:\/\/www.helloasso.com\/associations\/art-mate\/collectes\/soutien-pour-festival-appel-d-air-2023\">https:\/\/www.helloasso.com\/associations\/art-mate\/collectes\/soutien-pour-festival-appel-d-air-2023<\/a><\/p>\n\n\n\n<div style=\"height:40px\" aria-hidden=\"true\" class=\"wp-block-spacer\"><\/div>\n\n\n\n<div class=\"wp-block-image\"><figure class=\"aligncenter size-large\"><img loading=\"lazy\" decoding=\"async\" width=\"724\" height=\"1024\" src=\"http:\/\/www.vernajoul.fr\/wp-content\/uploads\/2023\/08\/FESTIVAL-APPEL-D-AIR-VERNAJOUL-2023-724x1024.jpg\" alt=\"\" class=\"wp-image-1916\" srcset=\"http:\/\/www.vernajoul.fr\/wp-content\/uploads\/2023\/08\/FESTIVAL-APPEL-D-AIR-VERNAJOUL-2023-724x1024.jpg 724w, http:\/\/www.vernajoul.fr\/wp-content\/uploads\/2023\/08\/FESTIVAL-APPEL-D-AIR-VERNAJOUL-2023-212x300.jpg 212w, http:\/\/www.vernajoul.fr\/wp-content\/uploads\/2023\/08\/FESTIVAL-APPEL-D-AIR-VERNAJOUL-2023-768x1087.jpg 768w, http:\/\/www.vernajoul.fr\/wp-content\/uploads\/2023\/08\/FESTIVAL-APPEL-D-AIR-VERNAJOUL-2023.jpg 1080w\" sizes=\"auto, (max-width: 724px) 100vw, 724px\" \/><\/figure><\/div>\n","protected":false},"excerpt":{"rendered":"<p>L&rsquo;association contribue \u00e0 la diffusion et \u00e0 la cr\u00e9ation des cultures artistiques. Programmation Festival Appel d&rsquo;Air (sous r\u00e9serve de modifications) Soutien pour l&rsquo;organisation du Festival Les organisateur ont lanc\u00e9 une cagnotte en ligne afin de les aider \u00e0 financer cette manifestation. https:\/\/www.helloasso.com\/associations\/art-mate\/collectes\/soutien-pour-festival-appel-d-air-2023<\/p>\n","protected":false},"author":1,"featured_media":0,"parent":0,"menu_order":0,"comment_status":"closed","ping_status":"closed","template":"","meta":{"footnotes":""},"class_list":["post-1724","page","type-page","status-publish","hentry"],"_links":{"self":[{"href":"http:\/\/www.vernajoul.fr\/index.php\/wp-json\/wp\/v2\/pages\/1724","targetHints":{"allow":["GET"]}}],"collection":[{"href":"http:\/\/www.vernajoul.fr\/index.php\/wp-json\/wp\/v2\/pages"}],"about":[{"href":"http:\/\/www.vernajoul.fr\/index.php\/wp-json\/wp\/v2\/types\/page"}],"author":[{"embeddable":true,"href":"http:\/\/www.vernajoul.fr\/index.php\/wp-json\/wp\/v2\/users\/1"}],"replies":[{"embeddable":true,"href":"http:\/\/www.vernajoul.fr\/index.php\/wp-json\/wp\/v2\/comments?post=1724"}],"version-history":[{"count":0,"href":"http:\/\/www.vernajoul.fr\/index.php\/wp-json\/wp\/v2\/pages\/1724\/revisions"}],"wp:attachment":[{"href":"http:\/\/www.vernajoul.fr\/index.php\/wp-json\/wp\/v2\/media?parent=1724"}],"curies":[{"name":"wp","href":"https:\/\/api.w.org\/{rel}","templated":true}]}}