{"id":1563,"date":"2022-10-17T14:11:56","date_gmt":"2022-10-17T12:11:56","guid":{"rendered":"http:\/\/www.vernajoul.fr\/?page_id=1563"},"modified":"2023-09-11T15:37:06","modified_gmt":"2023-09-11T13:37:06","slug":"transports-scolaires","status":"publish","type":"page","link":"http:\/\/www.vernajoul.fr\/index.php\/transports-scolaires\/","title":{"rendered":"Transports scolaires"},"content":{"rendered":"\n<p>L&rsquo;Agglo Foix-Varilhes s&rsquo;occupent des transports scolaires pour la desserte des \u00e9tablissements d&rsquo;enseignement secondaire suivants : <\/p>\n\n\n\n<ul class=\"wp-block-list\"><li>Lyc\u00e9e Gabriel Faur\u00e9<\/li><li>Coll\u00e8ge Lakanal<\/li><li>Lyc\u00e9e professionnel Jean Durroux<\/li><\/ul>\n\n\n\n<p>Pour toute demande contactez le Service du transport scolaire de L&rsquo;Agglo Foix-Varilhes au 05 34 09 09 39 ou par mail transport-scolaire@agglo-pfv.fr<\/p>\n\n\n\n<div class=\"wp-block-image\"><figure class=\"aligncenter size-full\"><img loading=\"lazy\" decoding=\"async\" width=\"986\" height=\"752\" src=\"http:\/\/www.vernajoul.fr\/wp-content\/uploads\/2023\/09\/Horaires-transports-scolaires-2023.jpg\" alt=\"\" class=\"wp-image-1982\" srcset=\"http:\/\/www.vernajoul.fr\/wp-content\/uploads\/2023\/09\/Horaires-transports-scolaires-2023.jpg 986w, http:\/\/www.vernajoul.fr\/wp-content\/uploads\/2023\/09\/Horaires-transports-scolaires-2023-300x229.jpg 300w, http:\/\/www.vernajoul.fr\/wp-content\/uploads\/2023\/09\/Horaires-transports-scolaires-2023-768x586.jpg 768w\" sizes=\"auto, (max-width: 986px) 100vw, 986px\" \/><\/figure><\/div>\n\n\n\n<div style=\"height:50px\" aria-hidden=\"true\" class=\"wp-block-spacer\"><\/div>\n\n\n\n<h2 class=\"wp-block-heading\">Inscription pour le transport scolaire<\/h2>\n\n\n\n<div data-wp-interactive=\"core\/file\" class=\"wp-block-file\"><object data-wp-bind--hidden=\"!state.hasPdfPreview\" hidden class=\"wp-block-file__embed\" data=\"http:\/\/www.vernajoul.fr\/wp-content\/uploads\/2023\/06\/Transport-Scolaire-Agglo-2023-2024-1.pdf\" type=\"application\/pdf\" style=\"width:100%;height:600px\" aria-label=\"Contenu embarqu\u00e9 Contenu embarqu\u00e9 Transport-Scolaire-Agglo-2023-2024-1..\"><\/object><a href=\"http:\/\/www.vernajoul.fr\/wp-content\/uploads\/2023\/06\/Transport-Scolaire-Agglo-2023-2024-1.pdf\">Transport-Scolaire-Agglo-2023-2024-1<\/a><a href=\"http:\/\/www.vernajoul.fr\/wp-content\/uploads\/2023\/06\/Transport-Scolaire-Agglo-2023-2024-1.pdf\" class=\"wp-block-file__button\" download>T\u00e9l\u00e9charger<\/a><\/div>\n","protected":false},"excerpt":{"rendered":"<p>L&rsquo;Agglo Foix-Varilhes s&rsquo;occupent des transports scolaires pour la desserte des \u00e9tablissements d&rsquo;enseignement secondaire suivants : Lyc\u00e9e Gabriel Faur\u00e9 Coll\u00e8ge Lakanal Lyc\u00e9e professionnel Jean Durroux Pour toute demande contactez le Service du transport scolaire de L&rsquo;Agglo Foix-Varilhes au 05 34 09 09 39 ou par mail transport-scolaire@agglo-pfv.fr Inscription pour le transport scolaire<\/p>\n","protected":false},"author":1,"featured_media":0,"parent":0,"menu_order":0,"comment_status":"closed","ping_status":"closed","template":"","meta":{"footnotes":""},"class_list":["post-1563","page","type-page","status-publish","hentry"],"_links":{"self":[{"href":"http:\/\/www.vernajoul.fr\/index.php\/wp-json\/wp\/v2\/pages\/1563","targetHints":{"allow":["GET"]}}],"collection":[{"href":"http:\/\/www.vernajoul.fr\/index.php\/wp-json\/wp\/v2\/pages"}],"about":[{"href":"http:\/\/www.vernajoul.fr\/index.php\/wp-json\/wp\/v2\/types\/page"}],"author":[{"embeddable":true,"href":"http:\/\/www.vernajoul.fr\/index.php\/wp-json\/wp\/v2\/users\/1"}],"replies":[{"embeddable":true,"href":"http:\/\/www.vernajoul.fr\/index.php\/wp-json\/wp\/v2\/comments?post=1563"}],"version-history":[{"count":0,"href":"http:\/\/www.vernajoul.fr\/index.php\/wp-json\/wp\/v2\/pages\/1563\/revisions"}],"wp:attachment":[{"href":"http:\/\/www.vernajoul.fr\/index.php\/wp-json\/wp\/v2\/media?parent=1563"}],"curies":[{"name":"wp","href":"https:\/\/api.w.org\/{rel}","templated":true}]}}