{"id":143,"date":"2020-12-03T18:16:41","date_gmt":"2020-12-03T17:16:41","guid":{"rendered":"http:\/\/www.vernajoul.fr\/?page_id=143"},"modified":"2023-03-06T14:18:45","modified_gmt":"2023-03-06T13:18:45","slug":"associations-velo-foot","status":"publish","type":"page","link":"http:\/\/www.vernajoul.fr\/index.php\/associations-velo-foot\/","title":{"rendered":"Associations"},"content":{"rendered":"\n<p>Retrouvez toutes les informations de chaque association \u00e0 Vernajoul dans les pages qui leur sont d\u00e9di\u00e9es :<\/p>\n\n\n\n<p><a href=\"http:\/\/www.vernajoul.fr\/index.php\/la-chasse\/\" data-type=\"page\" data-id=\"246\">L&rsquo;Association Communale de Chasse Agr\u00e9\u00e9e : ACCA<\/a><\/p>\n\n\n\n<p><a href=\"http:\/\/www.vernajoul.fr\/index.php\/amap\/\" data-type=\"page\" data-id=\"257\">L&rsquo;Association pour le Maintien de l&rsquo;Agriculture Paysanne : AMAP<\/a><\/p>\n\n\n\n<p><a href=\"http:\/\/www.vernajoul.fr\/index.php\/art-mate\/\" data-type=\"page\" data-id=\"1724\">Art Mate Association<\/a><\/p>\n\n\n\n<p><a href=\"http:\/\/www.vernajoul.fr\/index.php\/cyclo-vtt\/\" data-type=\"page\" data-id=\"234\">Cyclo &amp; VTT<\/a><\/p>\n\n\n\n<p><a href=\"http:\/\/www.vernajoul.fr\/index.php\/les-amis-du-viaduc\/\" data-type=\"page\" data-id=\"422\">Les Amis du Viaduc<\/a><\/p>\n\n\n\n<p><a href=\"http:\/\/www.vernajoul.fr\/index.php\/le-comite-des-fetes\/\" data-type=\"page\" data-id=\"253\">Le Comit\u00e9 des F\u00eates<\/a><\/p>\n\n\n\n<p><a href=\"http:\/\/www.vernajoul.fr\/index.php\/loulie-tu\/\" data-type=\"page\" data-id=\"261\">Louli\u00e9-tu ?<\/a><\/p>\n\n\n\n<p><a href=\"http:\/\/www.vernajoul.fr\/index.php\/rugby-les-loups-de-pamiers-vernajoul-xiii\/\" data-type=\"page\" data-id=\"250\">Rugby &#8211; Les Loups de Pamiers-Vernajoul XIII<\/a><\/p>\n\n\n\n<p><a href=\"http:\/\/www.vernajoul.fr\/index.php\/le-vernajoul-athletic-club-vac\/\" data-type=\"page\" data-id=\"424\">Le Vernajoul Athl\u00e9tic Club : VAC<\/a><\/p>\n\n\n\n<p><\/p>\n","protected":false},"excerpt":{"rendered":"<p>Retrouvez toutes les informations de chaque association \u00e0 Vernajoul dans les pages qui leur sont d\u00e9di\u00e9es : L&rsquo;Association Communale de Chasse Agr\u00e9\u00e9e : ACCA L&rsquo;Association pour le Maintien de l&rsquo;Agriculture Paysanne : AMAP Art Mate Association Cyclo &amp; VTT Les Amis du Viaduc Le Comit\u00e9 des F\u00eates Louli\u00e9-tu ? Rugby &#8211; Les Loups de Pamiers-Vernajoul [&hellip;]<\/p>\n","protected":false},"author":1,"featured_media":0,"parent":0,"menu_order":0,"comment_status":"closed","ping_status":"closed","template":"","meta":{"footnotes":""},"class_list":["post-143","page","type-page","status-publish","hentry"],"_links":{"self":[{"href":"http:\/\/www.vernajoul.fr\/index.php\/wp-json\/wp\/v2\/pages\/143","targetHints":{"allow":["GET"]}}],"collection":[{"href":"http:\/\/www.vernajoul.fr\/index.php\/wp-json\/wp\/v2\/pages"}],"about":[{"href":"http:\/\/www.vernajoul.fr\/index.php\/wp-json\/wp\/v2\/types\/page"}],"author":[{"embeddable":true,"href":"http:\/\/www.vernajoul.fr\/index.php\/wp-json\/wp\/v2\/users\/1"}],"replies":[{"embeddable":true,"href":"http:\/\/www.vernajoul.fr\/index.php\/wp-json\/wp\/v2\/comments?post=143"}],"version-history":[{"count":0,"href":"http:\/\/www.vernajoul.fr\/index.php\/wp-json\/wp\/v2\/pages\/143\/revisions"}],"wp:attachment":[{"href":"http:\/\/www.vernajoul.fr\/index.php\/wp-json\/wp\/v2\/media?parent=143"}],"curies":[{"name":"wp","href":"https:\/\/api.w.org\/{rel}","templated":true}]}}