{"id":141,"date":"2020-12-03T18:16:23","date_gmt":"2020-12-03T17:16:23","guid":{"rendered":"http:\/\/www.vernajoul.fr\/?page_id=141"},"modified":"2024-04-09T09:57:37","modified_gmt":"2024-04-09T07:57:37","slug":"services-marche-commerce","status":"publish","type":"page","link":"http:\/\/www.vernajoul.fr\/index.php\/services-marche-commerce\/","title":{"rendered":"Vie pratique"},"content":{"rendered":"\n<p>Horaires de la mairie<\/p>\n\n\n\n<p>D\u00e9marches administratives<\/p>\n\n\n\n<p>\u00c9coles<\/p>\n\n\n\n<p>Menus de la cantine<\/p>\n\n\n\n<p>Transports scolaires<\/p>\n\n\n\n<p>March\u00e9<\/p>\n\n\n\n<p>Biblioth\u00e8que<\/p>\n\n\n\n<p>Salle Multi-Activit\u00e9s<\/p>\n\n\n\n<p>Ordures m\u00e9nag\u00e8res<\/p>\n\n\n\n<p>Incin\u00e9ration des v\u00e9g\u00e9taux<\/p>\n\n\n\n<p>Assistantes maternelles<\/p>\n\n\n\n<p>Chiens errants<\/p>\n\n\n\n<p>Nuisances sonores<\/p>\n\n\n\n<p>Am\u00e9lioration de l&rsquo;habitat<\/p>\n\n\n\n<p>Analyse d&rsquo;eau<\/p>\n","protected":false},"excerpt":{"rendered":"<p>Horaires de la mairie D\u00e9marches administratives \u00c9coles Menus de la cantine Transports scolaires March\u00e9 Biblioth\u00e8que Salle Multi-Activit\u00e9s Ordures m\u00e9nag\u00e8res Incin\u00e9ration des v\u00e9g\u00e9taux Assistantes maternelles Chiens errants Nuisances sonores Am\u00e9lioration de l&rsquo;habitat Analyse d&rsquo;eau<\/p>\n","protected":false},"author":1,"featured_media":0,"parent":0,"menu_order":0,"comment_status":"closed","ping_status":"closed","template":"","meta":{"footnotes":""},"class_list":["post-141","page","type-page","status-publish","hentry"],"_links":{"self":[{"href":"http:\/\/www.vernajoul.fr\/index.php\/wp-json\/wp\/v2\/pages\/141","targetHints":{"allow":["GET"]}}],"collection":[{"href":"http:\/\/www.vernajoul.fr\/index.php\/wp-json\/wp\/v2\/pages"}],"about":[{"href":"http:\/\/www.vernajoul.fr\/index.php\/wp-json\/wp\/v2\/types\/page"}],"author":[{"embeddable":true,"href":"http:\/\/www.vernajoul.fr\/index.php\/wp-json\/wp\/v2\/users\/1"}],"replies":[{"embeddable":true,"href":"http:\/\/www.vernajoul.fr\/index.php\/wp-json\/wp\/v2\/comments?post=141"}],"version-history":[{"count":0,"href":"http:\/\/www.vernajoul.fr\/index.php\/wp-json\/wp\/v2\/pages\/141\/revisions"}],"wp:attachment":[{"href":"http:\/\/www.vernajoul.fr\/index.php\/wp-json\/wp\/v2\/media?parent=141"}],"curies":[{"name":"wp","href":"https:\/\/api.w.org\/{rel}","templated":true}]}}