{"id":139,"date":"2020-12-03T18:15:41","date_gmt":"2020-12-03T17:15:41","guid":{"rendered":"http:\/\/www.vernajoul.fr\/?page_id=139"},"modified":"2025-05-12T16:52:32","modified_gmt":"2025-05-12T14:52:32","slug":"entreprises-de-vernajoul","status":"publish","type":"page","link":"http:\/\/www.vernajoul.fr\/index.php\/entreprises-de-vernajoul\/","title":{"rendered":"Entreprises de Vernajoul"},"content":{"rendered":"\n<h3 class=\"wp-block-heading\">ARTISANS PEINTRES<\/h3>\n\n\n\n<figure class=\"wp-block-table is-style-stripes\"><table class=\"has-fixed-layout\"><tbody><tr><td>DA CUNHA ET FILS<\/td><td>09 67 42 28 70<\/td><\/tr><tr><td>DA CUNHA Abilio<\/td><td>06 70 33 50 11<\/td><\/tr><tr><td>ASP CONCEPT &#8211; PIQUEMAL Guillaume<\/td><td>06 49 75 11 21<\/td><\/tr><tr><td>RIPOLL Herv\u00e9<\/td><td>05 61 65 27 76<\/td><\/tr><\/tbody><\/table><\/figure>\n\n\n\n<p><\/p>\n\n\n\n<h3 class=\"wp-block-heading\">ARTISANS MA\u00c7ONS<\/h3>\n\n\n\n<figure class=\"wp-block-table is-style-stripes\"><table class=\"has-fixed-layout\"><tbody><tr><td>KMG &#8211; EL HADDOUCHI Kamal<\/td><td>06 85 25 23 32<\/td><\/tr><tr><td>COMATRA &#8211; DA SILVA Jos\u00e9<\/td><td>06 15 16 69 84<\/td><\/tr><\/tbody><\/table><\/figure>\n\n\n\n<p><\/p>\n\n\n\n<h3 class=\"wp-block-heading\">ARTISANS PLOMBIERS<\/h3>\n\n\n\n<figure class=\"wp-block-table is-style-stripes\"><table class=\"has-fixed-layout\"><tbody><tr><td>PENA Sylvain<\/td><td>06 45 75 96 18<\/td><\/tr><\/tbody><\/table><\/figure>\n\n\n\n<p><\/p>\n\n\n\n<h3 class=\"wp-block-heading\">SERRURIER \/ MULTI-SERVICES<\/h3>\n\n\n\n<figure class=\"wp-block-table is-style-stripes\"><table class=\"has-fixed-layout\"><tbody><tr><td>ESM HERY &#8211; RABEARIVONY Henrinirina<\/td><td>06 01 78 08 84<\/td><\/tr><\/tbody><\/table><\/figure>\n\n\n\n<p><\/p>\n\n\n\n<h3 class=\"wp-block-heading\">ING\u00c9NIEUR CONSEIL<\/h3>\n\n\n\n<figure class=\"wp-block-table is-style-stripes\"><table class=\"has-fixed-layout\"><tbody><tr><td>R. TIME &#8211; DIEUDONN\u00c9 Walter<\/td><td>06 49 77 52 32<\/td><\/tr><\/tbody><\/table><\/figure>\n\n\n\n<p><\/p>\n\n\n\n<h3 class=\"wp-block-heading\">BIEN-ETRE<\/h3>\n\n\n\n<figure class=\"wp-block-table is-style-stripes\"><table class=\"has-fixed-layout\"><tbody><tr><td>PHAM Isabelle &#8211; Masseuse &amp; Doula<\/td><td>06 22 36 29 37<\/td><\/tr><\/tbody><\/table><\/figure>\n\n\n\n<h3 class=\"wp-block-heading\">MENUISIER AGENCEUR (cuisine, parquet, porte, escalier, dressing&#8230;)<\/h3>\n\n\n\n<figure class=\"wp-block-table is-style-stripes\"><table class=\"has-fixed-layout\"><tbody><tr><td>GALY R\u00e9mi<\/td><td>06 21 21 40 51<\/td><\/tr><\/tbody><\/table><\/figure>\n\n\n\n<h3 class=\"wp-block-heading\">MOTOCULTURE (vente et r\u00e9paration)<\/h3>\n\n\n\n<figure class=\"wp-block-table is-style-stripes\"><table class=\"has-fixed-layout\"><tbody><tr><td>BLONDEAU Damien<\/td><td>05 61 96 60 56<\/td><\/tr><\/tbody><\/table><\/figure>\n\n\n\n<h3 class=\"wp-block-heading\">SOPHROLOGUE<\/h3>\n\n\n\n<figure class=\"wp-block-table is-style-stripes\"><table class=\"has-fixed-layout\"><tbody><tr><td>Nathalie LIBAUD<\/td><td>07 61 26 89 46<\/td><\/tr><\/tbody><\/table><\/figure>\n\n\n\n<h3 class=\"wp-block-heading\">TAXI<\/h3>\n\n\n\n<figure class=\"wp-block-table is-style-stripes\"><table class=\"has-fixed-layout\"><tbody><tr><td>CAZALBOU C\u00e9dric<\/td><td>06 42 27 44 04<\/td><\/tr><\/tbody><\/table><\/figure>\n\n\n\n<div class=\"wp-block-columns is-layout-flex wp-container-core-columns-is-layout-9d6595d7 wp-block-columns-is-layout-flex\">\n<div class=\"wp-block-column is-layout-flow wp-block-column-is-layout-flow\"><\/div>\n<\/div>\n\n\n\n<p><\/p>\n","protected":false},"excerpt":{"rendered":"<p>ARTISANS PEINTRES DA CUNHA ET FILS 09 67 42 28 70 DA CUNHA Abilio 06 70 33 50 11 ASP CONCEPT &#8211; PIQUEMAL Guillaume 06 49 75 11 21 RIPOLL Herv\u00e9 05 61 65 27 76 ARTISANS MA\u00c7ONS KMG &#8211; EL HADDOUCHI Kamal 06 85 25 23 32 COMATRA &#8211; DA SILVA Jos\u00e9 06 15 [&hellip;]<\/p>\n","protected":false},"author":1,"featured_media":0,"parent":0,"menu_order":0,"comment_status":"closed","ping_status":"closed","template":"","meta":{"footnotes":""},"class_list":["post-139","page","type-page","status-publish","hentry"],"_links":{"self":[{"href":"http:\/\/www.vernajoul.fr\/index.php\/wp-json\/wp\/v2\/pages\/139","targetHints":{"allow":["GET"]}}],"collection":[{"href":"http:\/\/www.vernajoul.fr\/index.php\/wp-json\/wp\/v2\/pages"}],"about":[{"href":"http:\/\/www.vernajoul.fr\/index.php\/wp-json\/wp\/v2\/types\/page"}],"author":[{"embeddable":true,"href":"http:\/\/www.vernajoul.fr\/index.php\/wp-json\/wp\/v2\/users\/1"}],"replies":[{"embeddable":true,"href":"http:\/\/www.vernajoul.fr\/index.php\/wp-json\/wp\/v2\/comments?post=139"}],"version-history":[{"count":0,"href":"http:\/\/www.vernajoul.fr\/index.php\/wp-json\/wp\/v2\/pages\/139\/revisions"}],"wp:attachment":[{"href":"http:\/\/www.vernajoul.fr\/index.php\/wp-json\/wp\/v2\/media?parent=139"}],"curies":[{"name":"wp","href":"https:\/\/api.w.org\/{rel}","templated":true}]}}