{"id":137,"date":"2020-12-03T18:15:08","date_gmt":"2020-12-03T17:15:08","guid":{"rendered":"http:\/\/www.vernajoul.fr\/?page_id=137"},"modified":"2023-03-27T13:49:45","modified_gmt":"2023-03-27T11:49:45","slug":"ecoles","status":"publish","type":"page","link":"http:\/\/www.vernajoul.fr\/index.php\/ecoles\/","title":{"rendered":"\u00c9coles"},"content":{"rendered":"\n<p><\/p>\n\n\n\n<h2 class=\"wp-block-heading\">Le SIVE Vernajoul-Baulou<\/h2>\n\n\n\n<p>Les enfants de Vernajoul et de Baulou sont accueillis dans 3 classes sur 2 sites. La gestion est effectu\u00e9e par le Syndicat Intercommunal \u00e0 vocation \u00e9ducative (SIVE) situ\u00e9 \u00e0 la Mairie \u00e0 Vernajoul.<\/p>\n\n\n\n<p>Les horaires de l&rsquo;\u00e9cole : 8h30 &#8211; 12h00 \/ 14h00 &#8211; 16h30<\/p>\n\n\n\n<p>Les horaires de la garderie : 7h30 &#8211; 8h30 \/ 16h30 &#8211; 18h15<\/p>\n\n\n\n<p>Les fournitures scolaires ainsi que l&rsquo;accueil en garderie sont int\u00e9gralement pris en charge par le SIVE.<\/p>\n\n\n\n<div style=\"height:50px\" aria-hidden=\"true\" class=\"wp-block-spacer\"><\/div>\n\n\n\n<h2 class=\"wp-block-heading\">L&rsquo;\u00c9cole du \u00ab\u00a0Petit Louli\u00e9\u00a0\u00bb rue de l&rsquo;Oustalet<\/h2>\n\n\n\n<ul class=\"wp-block-list\"><li>Maternelle : Mme Bridget Cousin<\/li><li>ATSEM : Mmes Nathalie Sounac et Aur\u00e9lie Rauzy<\/li><\/ul>\n\n\n\n<div style=\"height:30px\" aria-hidden=\"true\" class=\"wp-block-spacer\"><\/div>\n\n\n\n<h2 class=\"wp-block-heading\">L&rsquo;\u00c9cole du \u00ab\u00a0Grand Louli\u00e9\u00a0\u00bb place du Ch\u00e2teau d&rsquo;eau<\/h2>\n\n\n\n<ul class=\"wp-block-list\"><li>CM1 \/ CM2 : Mme Eva Plaza (Directrice)<\/li><li>CP\/CE1\/CE2 : M. Laurent Carol<\/li><\/ul>\n\n\n\n<div style=\"height:50px\" aria-hidden=\"true\" class=\"wp-block-spacer\"><\/div>\n\n\n\n<h2 class=\"wp-block-heading\">D\u00e9l\u00e9gu\u00e9s parents d&rsquo;\u00e9l\u00e8ves<\/h2>\n\n\n\n<p>BIGAZZI Christelle (CM1)<br>BLANDIN No\u00e9mie (MS)<br>BUREAU St\u00e9phanie (PS)<br>DELMAS Nicolas (CM1)<br>MORET J\u00e9r\u00f4me (CP)<br>PETIT Benjamin (CE1)<br><\/p>\n\n\n\n<div style=\"height:50px\" aria-hidden=\"true\" class=\"wp-block-spacer\"><\/div>\n\n\n\n<h2 class=\"wp-block-heading\">Informations utiles<\/h2>\n\n\n\n<p>Pour toute inscription \u00e0 l&rsquo;\u00e9cole, une fiche d&rsquo;inscription est disponible au secr\u00e9tariat de la mairie ou par mail : mairie@vernajoul.fr <\/p>\n\n\n\n<p>Des accueils de loisirs sont propos\u00e9s par la Communaut\u00e9 d&rsquo;Agglom\u00e9ration, plus d&rsquo;informations sur la page d\u00e9di\u00e9e <a href=\"http:\/\/www.vernajoul.fr\/index.php\/accueils-de-loisirs-enfance-et-jeunesse\/\" data-type=\"page\" data-id=\"1354\">Accueil de Loisirs &#8211; Enfance et Jeunesse<\/a> ou directement sur le site internet de la communaut\u00e9 d&rsquo;agglom\u00e9ration.<\/p>\n","protected":false},"excerpt":{"rendered":"<p>Le SIVE Vernajoul-Baulou Les enfants de Vernajoul et de Baulou sont accueillis dans 3 classes sur 2 sites. La gestion est effectu\u00e9e par le Syndicat Intercommunal \u00e0 vocation \u00e9ducative (SIVE) situ\u00e9 \u00e0 la Mairie \u00e0 Vernajoul. Les horaires de l&rsquo;\u00e9cole : 8h30 &#8211; 12h00 \/ 14h00 &#8211; 16h30 Les horaires de la garderie : 7h30 [&hellip;]<\/p>\n","protected":false},"author":1,"featured_media":0,"parent":0,"menu_order":0,"comment_status":"closed","ping_status":"closed","template":"","meta":{"footnotes":""},"class_list":["post-137","page","type-page","status-publish","hentry"],"_links":{"self":[{"href":"http:\/\/www.vernajoul.fr\/index.php\/wp-json\/wp\/v2\/pages\/137","targetHints":{"allow":["GET"]}}],"collection":[{"href":"http:\/\/www.vernajoul.fr\/index.php\/wp-json\/wp\/v2\/pages"}],"about":[{"href":"http:\/\/www.vernajoul.fr\/index.php\/wp-json\/wp\/v2\/types\/page"}],"author":[{"embeddable":true,"href":"http:\/\/www.vernajoul.fr\/index.php\/wp-json\/wp\/v2\/users\/1"}],"replies":[{"embeddable":true,"href":"http:\/\/www.vernajoul.fr\/index.php\/wp-json\/wp\/v2\/comments?post=137"}],"version-history":[{"count":0,"href":"http:\/\/www.vernajoul.fr\/index.php\/wp-json\/wp\/v2\/pages\/137\/revisions"}],"wp:attachment":[{"href":"http:\/\/www.vernajoul.fr\/index.php\/wp-json\/wp\/v2\/media?parent=137"}],"curies":[{"name":"wp","href":"https:\/\/api.w.org\/{rel}","templated":true}]}}