{"id":1354,"date":"2022-07-25T16:03:51","date_gmt":"2022-07-25T14:03:51","guid":{"rendered":"http:\/\/www.vernajoul.fr\/?page_id=1354"},"modified":"2022-10-24T16:22:16","modified_gmt":"2022-10-24T14:22:16","slug":"accueils-de-loisirs-enfance-et-jeunesse","status":"publish","type":"page","link":"http:\/\/www.vernajoul.fr\/index.php\/accueils-de-loisirs-enfance-et-jeunesse\/","title":{"rendered":"Accueils de Loisirs &#8211; Enfance et Jeunesse"},"content":{"rendered":"\n<p>La Communaut\u00e9 d&rsquo;Agglom\u00e9ration du Pays de Foix-Varilhes propose un accueil extra-scolaire pour les enfants de 3 \u00e0 11 ans et les jeunes de 11 \u00e0 25 ans.<\/p>\n\n\n\n<h1 class=\"wp-block-heading\">Accueils de Loisirs Enfance<\/h1>\n\n\n\n<p>L&rsquo;accueil de loisirs pour les enfants de 3 \u00e0 11 ans se fait sur 3 sites.<\/p>\n\n\n\n<h3 class=\"wp-block-heading\">Sites d&rsquo;accueils de loisirs g\u00e9r\u00e9s par l&rsquo;Agglo<\/h3>\n\n\n\n<p>Les deux sites d&rsquo;accueils de loisirs g\u00e9r\u00e9s par l&rsquo;Agglo sont ouverts durant les vacances scolaires, du lundi au vendredi, de 7h30 \u00e0 18h30. Pour tout renseignement et demande d&rsquo;inscription, un num\u00e9ro de t\u00e9l\u00e9phone : 05.61.60.88.79 ou par mail petite.enfance@agglo-pfv.fr<\/p>\n\n\n\n<p>Site de Varilhes : accueil des enfants de 3 \u00e0 7 ans<\/p>\n\n\n\n<p>Site de Verniolle : accueil des enfants de 7 \u00e0 11 ans<\/p>\n\n\n\n<div style=\"height:30px\" aria-hidden=\"true\" class=\"wp-block-spacer\"><\/div>\n\n\n\n<h3 class=\"wp-block-heading\">Les Francas du Pays de Foix<\/h3>\n\n\n\n<p>Site de Foix : accueil des enfants de 3 \u00e0 11 ans par l&rsquo;association Les Francas du Pays de Foix<\/p>\n\n\n\n<p>Plus d&rsquo;informations sur <a href=\"http:\/\/www.lesfrancasdupaysdefoix.com\">www.lesfrancasdupaysdefoix.com<\/a> <\/p>\n\n\n\n<div style=\"height:100px\" aria-hidden=\"true\" class=\"wp-block-spacer\"><\/div>\n\n\n\n<h1 class=\"wp-block-heading\">Jeunesse PAAJIP<\/h1>\n\n\n\n<p>Le P\u00f4le d&rsquo;Agglom\u00e9ration Adolescence Jeunesse Information Pr\u00e9vention (PAAJIP) est une association qui coordonne les actions du secteur Jeunesse dans le Pays de Foix-Varilhes. Le PAAJIP propose un accueil libre sur diff\u00e9rents lieux \u00e0 Foix, Varilhes, Verniolle, Saint-Paul-de-Jarrat. Le PAAJIP propose \u00e9galement de nombreuses activit\u00e9s, des s\u00e9jours et un accompagnement \u00e0 la scolarit\u00e9.<\/p>\n\n\n\n<p>Plus d&rsquo;informations sur <a href=\"http:\/\/www.paajip.com\">www.paajip.com<\/a><\/p>\n\n\n\n<div class=\"wp-block-image\"><figure class=\"aligncenter size-large is-resized\"><img loading=\"lazy\" decoding=\"async\" src=\"http:\/\/www.vernajoul.fr\/wp-content\/uploads\/2022\/07\/Paajip_logo-1024x1024.png\" alt=\"\" class=\"wp-image-1378\" width=\"315\" height=\"315\" srcset=\"http:\/\/www.vernajoul.fr\/wp-content\/uploads\/2022\/07\/Paajip_logo-1024x1024.png 1024w, http:\/\/www.vernajoul.fr\/wp-content\/uploads\/2022\/07\/Paajip_logo-300x300.png 300w, http:\/\/www.vernajoul.fr\/wp-content\/uploads\/2022\/07\/Paajip_logo-150x150.png 150w, http:\/\/www.vernajoul.fr\/wp-content\/uploads\/2022\/07\/Paajip_logo-768x768.png 768w, http:\/\/www.vernajoul.fr\/wp-content\/uploads\/2022\/07\/Paajip_logo-1536x1536.png 1536w, http:\/\/www.vernajoul.fr\/wp-content\/uploads\/2022\/07\/Paajip_logo.png 1899w\" sizes=\"auto, (max-width: 315px) 100vw, 315px\" \/><\/figure><\/div>\n\n\n\n<div style=\"height:45px\" aria-hidden=\"true\" class=\"wp-block-spacer\"><\/div>\n\n\n\n<h1 class=\"wp-block-heading\">Guichet unique Petite Enfance<\/h1>\n\n\n\n<p>La Communaut\u00e9 d&rsquo;Agglom\u00e9ration du Pays de Foix-Varilhes propose \u00e9galement un guichet unique Petite Enfance pour vous informer et vous accompagner dans vos d\u00e9marches concernant le mode d&rsquo;accueil de votre enfant.<\/p>\n\n\n\n<div class=\"wp-block-image\"><figure class=\"aligncenter size-full\"><img loading=\"lazy\" decoding=\"async\" width=\"644\" height=\"915\" src=\"http:\/\/www.vernajoul.fr\/wp-content\/uploads\/2022\/10\/Flyer-Petite-enfance-guichet-unique-Agglo-2022-1.png\" alt=\"\" class=\"wp-image-1585\" srcset=\"http:\/\/www.vernajoul.fr\/wp-content\/uploads\/2022\/10\/Flyer-Petite-enfance-guichet-unique-Agglo-2022-1.png 644w, http:\/\/www.vernajoul.fr\/wp-content\/uploads\/2022\/10\/Flyer-Petite-enfance-guichet-unique-Agglo-2022-1-211x300.png 211w\" sizes=\"auto, (max-width: 644px) 100vw, 644px\" \/><\/figure><\/div>\n","protected":false},"excerpt":{"rendered":"<p>La Communaut\u00e9 d&rsquo;Agglom\u00e9ration du Pays de Foix-Varilhes propose un accueil extra-scolaire pour les enfants de 3 \u00e0 11 ans et les jeunes de 11 \u00e0 25 ans. Accueils de Loisirs Enfance L&rsquo;accueil de loisirs pour les enfants de 3 \u00e0 11 ans se fait sur 3 sites. Sites d&rsquo;accueils de loisirs g\u00e9r\u00e9s par l&rsquo;Agglo Les [&hellip;]<\/p>\n","protected":false},"author":1,"featured_media":0,"parent":0,"menu_order":0,"comment_status":"closed","ping_status":"closed","template":"","meta":{"footnotes":""},"class_list":["post-1354","page","type-page","status-publish","hentry"],"_links":{"self":[{"href":"http:\/\/www.vernajoul.fr\/index.php\/wp-json\/wp\/v2\/pages\/1354","targetHints":{"allow":["GET"]}}],"collection":[{"href":"http:\/\/www.vernajoul.fr\/index.php\/wp-json\/wp\/v2\/pages"}],"about":[{"href":"http:\/\/www.vernajoul.fr\/index.php\/wp-json\/wp\/v2\/types\/page"}],"author":[{"embeddable":true,"href":"http:\/\/www.vernajoul.fr\/index.php\/wp-json\/wp\/v2\/users\/1"}],"replies":[{"embeddable":true,"href":"http:\/\/www.vernajoul.fr\/index.php\/wp-json\/wp\/v2\/comments?post=1354"}],"version-history":[{"count":0,"href":"http:\/\/www.vernajoul.fr\/index.php\/wp-json\/wp\/v2\/pages\/1354\/revisions"}],"wp:attachment":[{"href":"http:\/\/www.vernajoul.fr\/index.php\/wp-json\/wp\/v2\/media?parent=1354"}],"curies":[{"name":"wp","href":"https:\/\/api.w.org\/{rel}","templated":true}]}}