{"id":135,"date":"2020-12-03T18:14:54","date_gmt":"2020-12-03T17:14:54","guid":{"rendered":"http:\/\/www.vernajoul.fr\/?page_id=135"},"modified":"2025-07-24T08:56:13","modified_gmt":"2025-07-24T06:56:13","slug":"hebergement","status":"publish","type":"page","link":"http:\/\/www.vernajoul.fr\/index.php\/hebergement\/","title":{"rendered":"H\u00e9bergements touristiques"},"content":{"rendered":"\n<h1 class=\"wp-block-heading\" id=\"cc-m-header-7711406781\">G\u00eetes de France Ari\u00e8ge : Les Jardins d&rsquo;Ant\u00e9rola<\/h1>\n\n\n\n<p>Petit g\u00eete mitoyen \u00e0 la maison de la propri\u00e9taire avec acc\u00e8s et entr\u00e9e ind\u00e9pendant. Abri et parking privatif. Terrain clos. On acc\u00e8de \u00e0 ce g\u00eete de plain-pied par la baie vitr\u00e9e qui donne sur le s\u00e9jour avec coin salon (convertible pour 1 personne de pr\u00e9f\u00e9rence un enfant) et un coin cuisine. Salle d&rsquo;eau avec wc. 1 Chambre avec 1 lit 2 personnes. Salon de jardin. Barbecue. Location draps, linge de toilette, linge de maison et service m\u00e9nage sur demande. Acc\u00e8s au lave-linge de la propri\u00e9taire (gratuit lessive \u00e0 fournir). Acc\u00e8s Internet. Tarifs avec chauffage central et \u00e9lectricit\u00e9 inclus. Deux V\u00e9los sont \u00e0 disposition ainsi qu&rsquo;un v\u00e9lo pour enfant.&nbsp;<\/p>\n\n\n\n<p>R\u00e9servation directement sur le site G\u00eetes de France Ari\u00e8ge, voir le lien suivant:<\/p>\n\n\n\n<p><a href=\"https:\/\/www.gites-de-france-ariege.com\/location-vacances-Gite-a-Vernajoul-Ariege-09G10272.html\">https:\/\/www.gites-de-france-ariege.com\/location-vacances-Gite-a-Vernajoul-Ariege-09G10272.html<\/a><\/p>\n\n\n\n<div style=\"height:41px\" aria-hidden=\"true\" class=\"wp-block-spacer\"><\/div>\n\n\n\n<h1 class=\"wp-block-heading\" id=\"cc-m-header-7707826781\">\u00ab\u00a0Un petit coin tranquille\u00a0\u00bb<\/h1>\n\n\n\n<p>Daniel et Marie-Th\u00e9r\u00e8se seront ravis de vous recevoir dans leur G\u00eete tout confort, class\u00e9 2 \u00e9toiles, pouvant accueillir de 2 personnes pour une nuit, un week-end ou une semaine.<\/p>\n\n\n\n<p>Situ\u00e9 \u00e0 proximit\u00e9 de Foix (20 minutes \u00e0 pied), \u00e0 1 heure de Toulouse et de la Cit\u00e9 de Carcassonne, \u00e0 1 heure du Pas de la Case et des Stations de ski.<\/p>\n\n\n\n<p>Vous pourrez vous ressourcer au travers de balades et randonn\u00e9es (guides de rando \u00e0 disposition), d\u00e9part voie verte \u00e0 proximit\u00e9 du g\u00eete, ou en d\u00e9couvrant le patrimoine de la r\u00e9gion: ch\u00e2teaux, Parc de la pr\u00e9histoire, thermes, grottes, carri\u00e8re de talc&#8230;<\/p>\n\n\n\n<p>Le logement situ\u00e9 sur un terrain cl\u00f4tur\u00e9 et arbor\u00e9 est compos\u00e9:<\/p>\n\n\n\n<p>&nbsp; &nbsp; &nbsp;&#8211; d&rsquo;une pi\u00e8ce de vie: cuisine \u00e9quip\u00e9e, TV, DVD, BZ <\/p>\n\n\n\n<p>&nbsp; &nbsp; &nbsp;&#8211; d&rsquo;une chambre avec 1 lit de 140<\/p>\n\n\n\n<p>&nbsp; &nbsp; &nbsp;&#8211; salle d&rsquo;eau, WC<\/p>\n\n\n\n<p>Nous mettons \u00e0 disposition le wifi, un salon de jardin, un barbecue et un garage pour remorques, v\u00e9los et motos.<\/p>\n\n\n\n<p>Animaux non accept\u00e9s.<\/p>\n\n\n\n<p>Nous vous proposons la location de linge de lit et linge de toilette sur demande avec suppl\u00e9ment.<\/p>\n\n\n\n<p><strong>TARIFS<\/strong> : Nuit : 50 euros du 15\/04 au 15\/10 et 54 \u20ac du 15\/10 au 15\/04 \/ Semaine 260 \u20ac  du 15\/04 au 15\/10 et 290\u20ac  du 15\/10 au 15\/04  <\/p>\n\n\n\n<p><strong>Contact :<\/strong><br><strong>BIZET Daniel et Marie-Th\u00e9r\u00e8se<\/strong><br><strong>3 chemin du Lac<\/strong><br><strong>09000 VERNAJOUL<\/strong><br><strong>06.19.97.85.73<\/strong><br><strong>05.61.05.20.66<br>Mail: daniel.bizet6@orange.fr<\/strong><\/p>\n\n\n\n<div class=\"wp-block-columns is-layout-flex wp-container-core-columns-is-layout-9d6595d7 wp-block-columns-is-layout-flex\">\n<div class=\"wp-block-column is-layout-flow wp-block-column-is-layout-flow\" style=\"flex-basis:100%\">\n<figure class=\"wp-block-gallery aligncenter has-nested-images columns-default is-cropped wp-block-gallery-1 is-layout-flex wp-block-gallery-is-layout-flex\">\n<figure class=\"wp-block-image size-large\"><img loading=\"lazy\" decoding=\"async\" width=\"720\" height=\"720\" data-id=\"1906\" src=\"http:\/\/www.vernajoul.fr\/wp-content\/uploads\/2023\/08\/20180608_152613-COLLAGE001.jpg\" alt=\"\" class=\"wp-image-1906\" srcset=\"http:\/\/www.vernajoul.fr\/wp-content\/uploads\/2023\/08\/20180608_152613-COLLAGE001.jpg 720w, http:\/\/www.vernajoul.fr\/wp-content\/uploads\/2023\/08\/20180608_152613-COLLAGE001-300x300.jpg 300w, http:\/\/www.vernajoul.fr\/wp-content\/uploads\/2023\/08\/20180608_152613-COLLAGE001-150x150.jpg 150w\" sizes=\"auto, (max-width: 720px) 100vw, 720px\" \/><\/figure>\n\n\n\n<figure class=\"wp-block-image size-large\"><img loading=\"lazy\" decoding=\"async\" width=\"720\" height=\"720\" data-id=\"1907\" src=\"http:\/\/www.vernajoul.fr\/wp-content\/uploads\/2023\/08\/20180608_152927-COLLAGE001.jpg\" alt=\"\" class=\"wp-image-1907\" srcset=\"http:\/\/www.vernajoul.fr\/wp-content\/uploads\/2023\/08\/20180608_152927-COLLAGE001.jpg 720w, http:\/\/www.vernajoul.fr\/wp-content\/uploads\/2023\/08\/20180608_152927-COLLAGE001-300x300.jpg 300w, http:\/\/www.vernajoul.fr\/wp-content\/uploads\/2023\/08\/20180608_152927-COLLAGE001-150x150.jpg 150w\" sizes=\"auto, (max-width: 720px) 100vw, 720px\" \/><\/figure>\n\n\n\n<figure class=\"wp-block-image size-large\"><img loading=\"lazy\" decoding=\"async\" width=\"720\" height=\"720\" data-id=\"1908\" src=\"http:\/\/www.vernajoul.fr\/wp-content\/uploads\/2023\/08\/20190714_100151-COLLAGE001.jpg\" alt=\"\" class=\"wp-image-1908\" srcset=\"http:\/\/www.vernajoul.fr\/wp-content\/uploads\/2023\/08\/20190714_100151-COLLAGE001.jpg 720w, http:\/\/www.vernajoul.fr\/wp-content\/uploads\/2023\/08\/20190714_100151-COLLAGE001-300x300.jpg 300w, http:\/\/www.vernajoul.fr\/wp-content\/uploads\/2023\/08\/20190714_100151-COLLAGE001-150x150.jpg 150w\" sizes=\"auto, (max-width: 720px) 100vw, 720px\" \/><\/figure>\n\n\n\n<figure class=\"wp-block-image size-large\"><img loading=\"lazy\" decoding=\"async\" width=\"1024\" height=\"473\" data-id=\"1909\" src=\"http:\/\/www.vernajoul.fr\/wp-content\/uploads\/2023\/08\/IMG_20210611_142552-1024x473.jpg\" alt=\"\" class=\"wp-image-1909\" srcset=\"http:\/\/www.vernajoul.fr\/wp-content\/uploads\/2023\/08\/IMG_20210611_142552-1024x473.jpg 1024w, http:\/\/www.vernajoul.fr\/wp-content\/uploads\/2023\/08\/IMG_20210611_142552-300x139.jpg 300w, http:\/\/www.vernajoul.fr\/wp-content\/uploads\/2023\/08\/IMG_20210611_142552-768x355.jpg 768w, http:\/\/www.vernajoul.fr\/wp-content\/uploads\/2023\/08\/IMG_20210611_142552-1536x709.jpg 1536w, http:\/\/www.vernajoul.fr\/wp-content\/uploads\/2023\/08\/IMG_20210611_142552-2048x946.jpg 2048w\" sizes=\"auto, (max-width: 1024px) 100vw, 1024px\" \/><\/figure>\n\n\n\n<figure class=\"wp-block-image size-large\"><img loading=\"lazy\" decoding=\"async\" width=\"1024\" height=\"473\" data-id=\"1910\" src=\"http:\/\/www.vernajoul.fr\/wp-content\/uploads\/2023\/08\/IMG_20210611_142815-1024x473.jpg\" alt=\"\" class=\"wp-image-1910\" srcset=\"http:\/\/www.vernajoul.fr\/wp-content\/uploads\/2023\/08\/IMG_20210611_142815-1024x473.jpg 1024w, http:\/\/www.vernajoul.fr\/wp-content\/uploads\/2023\/08\/IMG_20210611_142815-300x139.jpg 300w, http:\/\/www.vernajoul.fr\/wp-content\/uploads\/2023\/08\/IMG_20210611_142815-768x355.jpg 768w, http:\/\/www.vernajoul.fr\/wp-content\/uploads\/2023\/08\/IMG_20210611_142815-1536x709.jpg 1536w, http:\/\/www.vernajoul.fr\/wp-content\/uploads\/2023\/08\/IMG_20210611_142815-2048x946.jpg 2048w\" sizes=\"auto, (max-width: 1024px) 100vw, 1024px\" \/><\/figure>\n<\/figure>\n<\/div>\n<\/div>\n\n\n\n<h1 class=\"wp-block-heading\" id=\"cc-m-header-6024959181\">Deux h\u00e9bergements labellis\u00e9s G\u00eetes de France \u00e0 Vernajoul<\/h1>\n\n\n\n<p> R\u00e9servation directement sur le site G\u00eetes de France Ari\u00e8ge en suivant le lien de l&rsquo;h\u00e9bergement : <\/p>\n\n\n\n<p><a target=\"_blank\" href=\"http:\/\/www.gites-de-france-ariege.com\/sr0305-4-pers-vernajoul\/vernajoul\/tabid\/36757\/offreid\/78ea7ef2-5fa6-4df9-bcd5-d7c5ebf888d1\/detail.aspx\" rel=\"noreferrer noopener\">Le gite rural SR0305<\/a> d&rsquo;une capacit\u00e9 de 4 personnes est situ\u00e9 dans le hameau de Lizonne . Vous serez s\u00e9duit par le charme de ce gite r\u00e9nov\u00e9 avec des mat\u00e9riaux naturels. Emplacement id\u00e9al pour savourer le calme de la campagne tout en \u00e9tant \u00e0 proximit\u00e9 imm\u00e9diate des sites touristiques et de la ville comtale de Foix.<br><\/p>\n\n\n\n<p><a href=\"http:\/\/www.gites-de-france-ariege.com\/303\/vernajoul\/tabid\/25464\/fromtabid\/24853\/offreid\/d365e02c-9d3f-4701-b0b6-89672c6c57ba\/detail.aspx\" target=\"_blank\" rel=\"noreferrer noopener\">Le g\u00eete rural SR0210<\/a> \u00e0 Vernajoul peut accueillir 5 personnes pendant vos vacances. Il est situ\u00e9 \u00e0 proximit\u00e9 de la rivi\u00e8re souterraine de Labou\u00efche et de la voie verte.<\/p>\n\n\n\n<div style=\"height:42px\" aria-hidden=\"true\" class=\"wp-block-spacer\"><\/div>\n\n\n\n<h1 class=\"wp-block-heading\" id=\"cc-m-header-6237903681\">Deux h\u00e9bergements labellis\u00e9s Accueil Paysan<\/h1>\n\n\n\n<p>Les <a href=\"http:\/\/www.accueil-paysan.com\/fr\/catalog\/structure\/397\/\" target=\"_blank\" rel=\"noreferrer noopener\">deux g\u00eetes mitoyens<\/a> \u00e0 Vernajoul peuvent accueillir de 2 \u00e0 4 personnes. Ils sont situ\u00e9s \u00e0 proximit\u00e9 de la rivi\u00e8re souterraine de Labou\u00efche et de la voie verte.<\/p>\n\n\n\n<div style=\"height:41px\" aria-hidden=\"true\" class=\"wp-block-spacer\"><\/div>\n\n\n\n<h1 class=\"wp-block-heading\" id=\"cc-m-header-6256834081\">Un h\u00e9bergement au c\u0153ur du village de Vernajoul<\/h1>\n\n\n\n<p>\u00c0 louer maison de village, avec petit jardinet et parking priv\u00e9.<\/p>\n\n\n\n<p>Au rez-de-chauss\u00e9e : une cuisine \u00e9quip\u00e9e avec lave-vaisselle, four micro-ondes, cafeti\u00e8re, grille-pain. Salle \u00e0 manger salon avec t\u00e9l\u00e9viseur. Salle de bains (avec machine \u00e0 laver, s\u00e8che cheveux) et WC s\u00e9par\u00e9.<\/p>\n\n\n\n<p>\u00c0 l&rsquo;\u00e9tage trois chambres et un dressing (fer et table \u00e0 repasser) une grande chambre avec un lit en 140 (possibilit\u00e9 lit b\u00e9b\u00e9), une chambre avec un lit en 120 et une troisi\u00e8me chambre avec un lit en 90.<\/p>\n\n\n\n<p>Linge de maison fourni (draps, serviettes de bain, torchons, essuie mains et produits d\u2019entretien). WiFi<\/p>\n\n\n\n<p><strong>La nuit\u00e9e 65 \u20ac<br>Jeanine GROS 06.52.86.02.53<br>Contact et r\u00e9servation uniquement par t\u00e9l\u00e9phone. Ne r\u00e9pond pas ni aux emails ni aux SMS<\/strong>.<\/p>\n\n\n\n<p><a href=\"https:\/\/www.gites.fr\/gites_location-saisonniere_vernajoul_71221.htm\">https:\/\/www.gites.fr\/gites_location-saisonniere_vernajoul_71221.htm<\/a><\/p>\n\n\n\n<div style=\"height:42px\" aria-hidden=\"true\" class=\"wp-block-spacer\"><\/div>\n\n\n\n<p><\/p>\n","protected":false},"excerpt":{"rendered":"<p>G\u00eetes de France Ari\u00e8ge : Les Jardins d&rsquo;Ant\u00e9rola Petit g\u00eete mitoyen \u00e0 la maison de la propri\u00e9taire avec acc\u00e8s et entr\u00e9e ind\u00e9pendant. Abri et parking privatif. Terrain clos. On acc\u00e8de \u00e0 ce g\u00eete de plain-pied par la baie vitr\u00e9e qui donne sur le s\u00e9jour avec coin salon (convertible pour 1 personne de pr\u00e9f\u00e9rence un enfant) [&hellip;]<\/p>\n","protected":false},"author":1,"featured_media":0,"parent":0,"menu_order":0,"comment_status":"closed","ping_status":"closed","template":"","meta":{"footnotes":""},"class_list":["post-135","page","type-page","status-publish","hentry"],"_links":{"self":[{"href":"http:\/\/www.vernajoul.fr\/index.php\/wp-json\/wp\/v2\/pages\/135","targetHints":{"allow":["GET"]}}],"collection":[{"href":"http:\/\/www.vernajoul.fr\/index.php\/wp-json\/wp\/v2\/pages"}],"about":[{"href":"http:\/\/www.vernajoul.fr\/index.php\/wp-json\/wp\/v2\/types\/page"}],"author":[{"embeddable":true,"href":"http:\/\/www.vernajoul.fr\/index.php\/wp-json\/wp\/v2\/users\/1"}],"replies":[{"embeddable":true,"href":"http:\/\/www.vernajoul.fr\/index.php\/wp-json\/wp\/v2\/comments?post=135"}],"version-history":[{"count":0,"href":"http:\/\/www.vernajoul.fr\/index.php\/wp-json\/wp\/v2\/pages\/135\/revisions"}],"wp:attachment":[{"href":"http:\/\/www.vernajoul.fr\/index.php\/wp-json\/wp\/v2\/media?parent=135"}],"curies":[{"name":"wp","href":"https:\/\/api.w.org\/{rel}","templated":true}]}}