{"id":133,"date":"2020-12-03T18:14:25","date_gmt":"2020-12-03T17:14:25","guid":{"rendered":"http:\/\/www.vernajoul.fr\/?page_id=133"},"modified":"2025-06-26T13:56:09","modified_gmt":"2025-06-26T11:56:09","slug":"patrimoine-histoire","status":"publish","type":"page","link":"http:\/\/www.vernajoul.fr\/index.php\/patrimoine-histoire\/","title":{"rendered":"Patrimoine &#038; histoire"},"content":{"rendered":"\n<h2 class=\"wp-block-heading\" id=\"cc-m-header-5759014281\" style=\"font-size:37px\">Le Viaduc de Vernajoul<\/h2>\n\n\n\n<p>Le Viaduc de Vernajoul :&nbsp; il poss\u00e8de 14 arches et est b\u00e2ti en courbe.<\/p>\n\n\n\n<p>Avec une longueur de 230 m\u00e8tres, son tablier s&rsquo;\u00e9l\u00e8ve \u00e0 35 m\u00e8tres au dessus du ruisseau du Fajal.<\/p>\n\n\n\n<p>Il a \u00e9t\u00e9 construit en 1893 pour la ligne de chemin de fer qui reliait Foix \u00e0 Saint-Girons.<\/p>\n\n\n\n<figure class=\"wp-block-image\"><img decoding=\"async\" src=\"https:\/\/image.jimcdn.com\/app\/cms\/image\/transf\/none\/path\/sc102c923757fcdd7\/image\/iaa9e9458b4d6474f\/version\/1334419554\/image.jpg\" alt=\"\"\/><\/figure>\n\n\n\n<h2 class=\"wp-block-heading\" id=\"cc-m-header-5801772581\">L&rsquo;\u00e9glise \u00ab\u00a0Notre-Dame de l&rsquo;Assomption\u00a0\u00bb de Vernajoul<\/h2>\n\n\n\n<p>Cette \u00e9glise romane date du XII<sup>e<\/sup>&nbsp;si\u00e8cle, alors d\u00e9nomm\u00e9e \u00e9glise Saint-Martin, donn\u00e9e en 1012 \u00e0 l&rsquo;<a href=\"https:\/\/fr.wikipedia.org\/wiki\/Abbatiale_Saint-Volusien_de_Foix\">abbaye Saint-Volusien de Foix<\/a> par <a href=\"https:\/\/fr.wikipedia.org\/wiki\/Roger_Ier_de_Carcassonne\">Roger Ier de Carcassonne<\/a> et sa femme Ad\u00e9la\u00efde.<\/p>\n\n\n\n<p>Elle fait l&rsquo;objet d&rsquo;une inscription au titre des <a href=\"https:\/\/fr.wikipedia.org\/wiki\/Monument_historique_(France)\">monuments historiques<\/a> par arr\u00eat\u00e9 du 19 mars 1979.<\/p>\n\n\n\n<p>Elle est construite en gr\u00e9s l\u00e9g\u00e8rement rose provenant de Loubi\u00e8res. Elle poss\u00e8de un modillon sur lequel figure un petit singe. Dot\u00e9e d&rsquo;une nef et d&rsquo;une abside ronde, elle est orn\u00e9e sous la corniche d&rsquo;une bande agr\u00e9ment\u00e9e de boules. Son clocher arcade est perc\u00e9 de trois baies sur la fa\u00e7ade ouest.&nbsp; &nbsp;<\/p>\n\n\n\n<h2 class=\"wp-block-heading\" id=\"cc-m-header-5801724481\">Le Ch\u00e2teau d&rsquo;eau de Vernajoul<\/h2>\n\n\n\n<p>Le Ch\u00e2teau d&rsquo;eau de construction originale date de 1885. Il r\u00e9cup\u00e9rait l&rsquo;eau qui arrivait de la source \u00ab\u00a0Louli\u00e9\u00a0\u00bb sur la colline de Bax.<\/p>\n\n\n\n<figure class=\"wp-block-image\"><img decoding=\"async\" src=\"https:\/\/image.jimcdn.com\/app\/cms\/image\/transf\/none\/path\/sc102c923757fcdd7\/image\/i539655bff6540b7a\/version\/1334419582\/image.jpg\" alt=\"\"\/><\/figure>\n\n\n\n<h2 class=\"wp-block-heading\" id=\"cc-m-header-5801851981\">Le Lac de Labarre <\/h2>\n\n\n\n<p>Peu de gens le savent. mais sous le lac de Labarre tr\u00f4ne un ancien moulin. En 1951, quand EDF a cr\u00e9\u00e9 le barrage hydro\u00e9lectrique pour la production d&rsquo;\u00e9lectricit\u00e9, le moulin a \u00e9t\u00e9 recouvert par les eaux. Du c\u00f4t\u00e9 de Vernajoul, on peut encore voir la route qui y menait. Aujourd&rsquo;hui, elle m\u00e8ne droit dans l&rsquo;eau. <\/p>\n\n\n\n<p>Les rives de ce plan d&rsquo;eau d&rsquo;une nature sauvage sont appr\u00e9ci\u00e9es des p\u00eacheurs et sont propices \u00e0 de belles ballades.<\/p>\n\n\n\n<p><\/p>\n\n\n\n<figure class=\"wp-block-image\"><img decoding=\"async\" src=\"https:\/\/image.jimcdn.com\/app\/cms\/image\/transf\/none\/path\/sc102c923757fcdd7\/image\/i1ef8350df4fb5498\/version\/1334419599\/image.jpg\" alt=\"lac de labarre\"\/><\/figure>\n\n\n\n<h2 class=\"wp-block-heading\" id=\"cc-m-header-6017018981\">Une des croix du village de Vernajoul<\/h2>\n\n\n\n<p>B\u00e9nitier plac\u00e9 dans un m\u00fbr et associ\u00e9 \u00e0 une croix dans le village<\/p>\n\n\n\n<figure class=\"wp-block-image\"><img decoding=\"async\" src=\"https:\/\/image.jimcdn.com\/app\/cms\/image\/transf\/none\/path\/sc102c923757fcdd7\/image\/i4f4fdc4b74445111\/version\/1334419615\/image.jpg\" alt=\"\"\/><\/figure>\n\n\n\n<h2 class=\"wp-block-heading\" id=\"cc-m-header-6017022681\">Le Lavoir de Lizonne de Vernajoul<\/h2>\n\n\n\n<p>Le lavoir abreuvoir situ\u00e9 dans le hameau de Lizonne \u00e0 Vernajoul restaur\u00e9 en 2010<\/p>\n\n\n\n<figure class=\"wp-block-image\"><img decoding=\"async\" src=\"https:\/\/image.jimcdn.com\/app\/cms\/image\/transf\/none\/path\/sc102c923757fcdd7\/image\/icaf4782601f626c5\/version\/1334419629\/image.jpg\" alt=\"\"\/><\/figure>\n\n\n\n<h2 class=\"wp-block-heading\" id=\"cc-m-header-6017027881\">Le m\u00e9tier \u00e0 ferrer et le poids public au centre de Vernajoul<\/h2>\n\n\n\n<figure class=\"wp-block-image\"><img decoding=\"async\" src=\"https:\/\/image.jimcdn.com\/app\/cms\/image\/transf\/dimension=300x10000:format=jpg\/path\/sc102c923757fcdd7\/image\/i7bd95b4cc3837470\/version\/1334420152\/image.jpg\" alt=\"\"\/><\/figure>\n\n\n\n<figure class=\"wp-block-image\"><img decoding=\"async\" src=\"https:\/\/image.jimcdn.com\/app\/cms\/image\/transf\/dimension=300x10000:format=jpg\/path\/sc102c923757fcdd7\/image\/i94ec9b57e0959392\/version\/1334420204\/image.jpg\" alt=\"\"\/><\/figure>\n\n\n\n<h2 class=\"wp-block-heading\" id=\"cc-m-header-5759009481\">Le blason de Vernajoul et les \u00e9crivains c\u00e9l\u00e8bres<\/h2>\n\n\n\n<p><a rel=\"noreferrer noopener\" href=\"http:\/\/gw3.geneanet.org\/mbelliard?lang=fr;p=suzanne;n=de+vernejoul+de+larroque\" target=\"_blank\">Le blason<\/a>, \u00e9tabli par un h\u00e9raldiste, reprend les couleurs de la seigneurie locale, gr\u00e2ce \u00e0 la courtoisie de MM. Pierre de Vernejoul et Georges Vernejoul.<\/p>\n\n\n\n<p>Ceux-ci ont men\u00e9 \u00e0 bien des recherches g\u00e9n\u00e9alogiques sur les seigneurs du ch\u00e2teau de Vernajoul et ont \u00e9crit un ouvrage dont un exemplaire a \u00e9t\u00e9 offert \u00e0 la municipalit\u00e9.<\/p>\n\n\n\n<p>Le village a eu des \u00e9crivains c\u00e9l\u00e8bres comme Arthur Moulis, membre du F\u00e9librige, ou L\u00e9on Mary Est\u00e8be, po\u00e8te, auteur de romans, d&rsquo;essais, de nouvelles et pi\u00e8ces de th\u00e9\u00e2tre.<\/p>\n\n\n\n<figure class=\"wp-block-image\"><img decoding=\"async\" src=\"https:\/\/image.jimcdn.com\/app\/cms\/image\/transf\/none\/path\/sc102c923757fcdd7\/image\/i37e1605a7a18843d\/version\/1328459190\/image.png\" alt=\"\"\/><\/figure>\n\n\n\n<hr class=\"wp-block-separator has-css-opacity\"\/>\n","protected":false},"excerpt":{"rendered":"<p>Le Viaduc de Vernajoul Le Viaduc de Vernajoul :&nbsp; il poss\u00e8de 14 arches et est b\u00e2ti en courbe. Avec une longueur de 230 m\u00e8tres, son tablier s&rsquo;\u00e9l\u00e8ve \u00e0 35 m\u00e8tres au dessus du ruisseau du Fajal. Il a \u00e9t\u00e9 construit en 1893 pour la ligne de chemin de fer qui reliait Foix \u00e0 Saint-Girons. L&rsquo;\u00e9glise [&hellip;]<\/p>\n","protected":false},"author":1,"featured_media":0,"parent":0,"menu_order":0,"comment_status":"closed","ping_status":"closed","template":"","meta":{"footnotes":""},"class_list":["post-133","page","type-page","status-publish","hentry"],"_links":{"self":[{"href":"http:\/\/www.vernajoul.fr\/index.php\/wp-json\/wp\/v2\/pages\/133","targetHints":{"allow":["GET"]}}],"collection":[{"href":"http:\/\/www.vernajoul.fr\/index.php\/wp-json\/wp\/v2\/pages"}],"about":[{"href":"http:\/\/www.vernajoul.fr\/index.php\/wp-json\/wp\/v2\/types\/page"}],"author":[{"embeddable":true,"href":"http:\/\/www.vernajoul.fr\/index.php\/wp-json\/wp\/v2\/users\/1"}],"replies":[{"embeddable":true,"href":"http:\/\/www.vernajoul.fr\/index.php\/wp-json\/wp\/v2\/comments?post=133"}],"version-history":[{"count":0,"href":"http:\/\/www.vernajoul.fr\/index.php\/wp-json\/wp\/v2\/pages\/133\/revisions"}],"wp:attachment":[{"href":"http:\/\/www.vernajoul.fr\/index.php\/wp-json\/wp\/v2\/media?parent=133"}],"curies":[{"name":"wp","href":"https:\/\/api.w.org\/{rel}","templated":true}]}}