{"id":1314,"date":"2022-07-18T13:56:53","date_gmt":"2022-07-18T11:56:53","guid":{"rendered":"http:\/\/www.vernajoul.fr\/?page_id=1314"},"modified":"2023-09-18T11:27:24","modified_gmt":"2023-09-18T09:27:24","slug":"france-services","status":"publish","type":"page","link":"http:\/\/www.vernajoul.fr\/index.php\/france-services\/","title":{"rendered":"France Services"},"content":{"rendered":"\n<p>Le r\u00e9seau France Services permet de rapprocher le service public des usagers. La communaut\u00e9 d&rsquo;agglom\u00e9ration Foix-Varilhes a ouvert un lieu d\u00e9di\u00e9 \u00e0 <a href=\"https:\/\/www.agglo-foix-varilhes.fr\/content\/france-services\">France Services<\/a> pour accueillir et accompagner les usagers dans leurs d\u00e9marches du quotidien.<\/p>\n\n\n\n<h3 class=\"wp-block-heading\">Besoin d&rsquo;aide pour vos d\u00e9marches administratives et num\u00e9riques du quotidien ?<\/h3>\n\n\n\n<p>France Services \u00e0 Varilhes vous permet d&rsquo;acc\u00e9der facilement aux services publics. Les agents vous accueillent et vous informent, sur rendez-vous, du lundi au vendredi au p\u00f4le culturel intercommunal \u00e0 Varilhes, 18 avenue des Pyr\u00e9n\u00e9es. France Services \u00e0 Varilhes est joignable par t\u00e9l\u00e9phone au 05.61.60.55.54.<\/p>\n\n\n\n<div style=\"height:30px\" aria-hidden=\"true\" class=\"wp-block-spacer\"><\/div>\n\n\n\n<div class=\"wp-block-image\"><figure class=\"aligncenter size-large\"><img loading=\"lazy\" decoding=\"async\" width=\"1024\" height=\"722\" src=\"http:\/\/www.vernajoul.fr\/wp-content\/uploads\/2023\/09\/France-services-Varilhes-1-1-1024x722.jpg\" alt=\"\" class=\"wp-image-2003\" srcset=\"http:\/\/www.vernajoul.fr\/wp-content\/uploads\/2023\/09\/France-services-Varilhes-1-1-1024x722.jpg 1024w, http:\/\/www.vernajoul.fr\/wp-content\/uploads\/2023\/09\/France-services-Varilhes-1-1-300x212.jpg 300w, http:\/\/www.vernajoul.fr\/wp-content\/uploads\/2023\/09\/France-services-Varilhes-1-1-768x542.jpg 768w, http:\/\/www.vernajoul.fr\/wp-content\/uploads\/2023\/09\/France-services-Varilhes-1-1.jpg 1337w\" sizes=\"auto, (max-width: 1024px) 100vw, 1024px\" \/><\/figure><\/div>\n\n\n\n<div class=\"wp-block-image\"><figure class=\"aligncenter size-large\"><img loading=\"lazy\" decoding=\"async\" width=\"1024\" height=\"724\" src=\"http:\/\/www.vernajoul.fr\/wp-content\/uploads\/2023\/09\/France-services-Varilhes-2-1-1024x724.jpg\" alt=\"\" class=\"wp-image-2004\" srcset=\"http:\/\/www.vernajoul.fr\/wp-content\/uploads\/2023\/09\/France-services-Varilhes-2-1-1024x724.jpg 1024w, http:\/\/www.vernajoul.fr\/wp-content\/uploads\/2023\/09\/France-services-Varilhes-2-1-300x212.jpg 300w, http:\/\/www.vernajoul.fr\/wp-content\/uploads\/2023\/09\/France-services-Varilhes-2-1-768x543.jpg 768w, http:\/\/www.vernajoul.fr\/wp-content\/uploads\/2023\/09\/France-services-Varilhes-2-1.jpg 1339w\" sizes=\"auto, (max-width: 1024px) 100vw, 1024px\" \/><\/figure><\/div>\n","protected":false},"excerpt":{"rendered":"<p>Le r\u00e9seau France Services permet de rapprocher le service public des usagers. La communaut\u00e9 d&rsquo;agglom\u00e9ration Foix-Varilhes a ouvert un lieu d\u00e9di\u00e9 \u00e0 France Services pour accueillir et accompagner les usagers dans leurs d\u00e9marches du quotidien. Besoin d&rsquo;aide pour vos d\u00e9marches administratives et num\u00e9riques du quotidien ? France Services \u00e0 Varilhes vous permet d&rsquo;acc\u00e9der facilement aux [&hellip;]<\/p>\n","protected":false},"author":1,"featured_media":0,"parent":0,"menu_order":0,"comment_status":"closed","ping_status":"closed","template":"","meta":{"footnotes":""},"class_list":["post-1314","page","type-page","status-publish","hentry"],"_links":{"self":[{"href":"http:\/\/www.vernajoul.fr\/index.php\/wp-json\/wp\/v2\/pages\/1314","targetHints":{"allow":["GET"]}}],"collection":[{"href":"http:\/\/www.vernajoul.fr\/index.php\/wp-json\/wp\/v2\/pages"}],"about":[{"href":"http:\/\/www.vernajoul.fr\/index.php\/wp-json\/wp\/v2\/types\/page"}],"author":[{"embeddable":true,"href":"http:\/\/www.vernajoul.fr\/index.php\/wp-json\/wp\/v2\/users\/1"}],"replies":[{"embeddable":true,"href":"http:\/\/www.vernajoul.fr\/index.php\/wp-json\/wp\/v2\/comments?post=1314"}],"version-history":[{"count":0,"href":"http:\/\/www.vernajoul.fr\/index.php\/wp-json\/wp\/v2\/pages\/1314\/revisions"}],"wp:attachment":[{"href":"http:\/\/www.vernajoul.fr\/index.php\/wp-json\/wp\/v2\/media?parent=1314"}],"curies":[{"name":"wp","href":"https:\/\/api.w.org\/{rel}","templated":true}]}}