{"id":127,"date":"2020-12-03T18:13:12","date_gmt":"2020-12-03T17:13:12","guid":{"rendered":"http:\/\/www.vernajoul.fr\/?page_id=127"},"modified":"2026-02-23T15:57:40","modified_gmt":"2026-02-23T14:57:40","slug":"services-municipaux","status":"publish","type":"page","link":"http:\/\/www.vernajoul.fr\/index.php\/services-municipaux\/","title":{"rendered":"Services municipaux"},"content":{"rendered":"\n<p>Les services municipaux de la commune de Vernajoul \u0153uvrent au quotidien pour le bon fonctionnement du village la gestion de la vie de notre commune. Ils permettent aux administr\u00e9s de b\u00e9n\u00e9ficier d&rsquo;un cadre de vie de qualit\u00e9 dans l&rsquo;esprit du \u00ab\u00a0bien vivre \u00e0 Vernajoul\u00a0\u00bb.<\/p>\n\n\n\n<p>&#8211; Service administratif : Emmanuelle CLANET, secr\u00e9taire g\u00e9n\u00e9rale<br>                                      Nora SLIMANI, agent administratif<\/p>\n\n\n\n<p>&#8211; Service technique : R\u00e9gis FILLOUS et Fr\u00e9d\u00e9ric ROUCH<\/p>\n\n\n\n<p>&#8211; Agents des \u00e9coles (mis \u00e0 disposition du SIVE) : Mireille SEILHAN et Nathalie SOUNAC<\/p>\n\n\n<div class=\"wp-block-image\">\n<figure class=\"aligncenter size-large\"><img loading=\"lazy\" decoding=\"async\" width=\"600\" height=\"559\" src=\"http:\/\/www.vernajoul.fr\/wp-content\/uploads\/2021\/03\/mairie_bureau.jpg\" alt=\"\" class=\"wp-image-371\" srcset=\"http:\/\/www.vernajoul.fr\/wp-content\/uploads\/2021\/03\/mairie_bureau.jpg 600w, http:\/\/www.vernajoul.fr\/wp-content\/uploads\/2021\/03\/mairie_bureau-300x280.jpg 300w\" sizes=\"auto, (max-width: 600px) 100vw, 600px\" \/><\/figure><\/div>","protected":false},"excerpt":{"rendered":"<p>Les services municipaux de la commune de Vernajoul \u0153uvrent au quotidien pour le bon fonctionnement du village la gestion de la vie de notre commune. Ils permettent aux administr\u00e9s de b\u00e9n\u00e9ficier d&rsquo;un cadre de vie de qualit\u00e9 dans l&rsquo;esprit du \u00ab\u00a0bien vivre \u00e0 Vernajoul\u00a0\u00bb. &#8211; Service administratif : Emmanuelle CLANET, secr\u00e9taire g\u00e9n\u00e9rale Nora SLIMANI, agent [&hellip;]<\/p>\n","protected":false},"author":1,"featured_media":0,"parent":0,"menu_order":0,"comment_status":"closed","ping_status":"closed","template":"","meta":{"footnotes":""},"class_list":["post-127","page","type-page","status-publish","hentry"],"_links":{"self":[{"href":"http:\/\/www.vernajoul.fr\/index.php\/wp-json\/wp\/v2\/pages\/127","targetHints":{"allow":["GET"]}}],"collection":[{"href":"http:\/\/www.vernajoul.fr\/index.php\/wp-json\/wp\/v2\/pages"}],"about":[{"href":"http:\/\/www.vernajoul.fr\/index.php\/wp-json\/wp\/v2\/types\/page"}],"author":[{"embeddable":true,"href":"http:\/\/www.vernajoul.fr\/index.php\/wp-json\/wp\/v2\/users\/1"}],"replies":[{"embeddable":true,"href":"http:\/\/www.vernajoul.fr\/index.php\/wp-json\/wp\/v2\/comments?post=127"}],"version-history":[{"count":0,"href":"http:\/\/www.vernajoul.fr\/index.php\/wp-json\/wp\/v2\/pages\/127\/revisions"}],"wp:attachment":[{"href":"http:\/\/www.vernajoul.fr\/index.php\/wp-json\/wp\/v2\/media?parent=127"}],"curies":[{"name":"wp","href":"https:\/\/api.w.org\/{rel}","templated":true}]}}