{"id":121,"date":"2020-12-03T18:11:47","date_gmt":"2020-12-03T17:11:47","guid":{"rendered":"http:\/\/www.vernajoul.fr\/?page_id=121"},"modified":"2022-12-08T14:13:17","modified_gmt":"2022-12-08T13:13:17","slug":"horaires-2","status":"publish","type":"page","link":"http:\/\/www.vernajoul.fr\/index.php\/horaires-2\/","title":{"rendered":"Horaires de la Mairie"},"content":{"rendered":"\n<p><strong>COORDONN\u00c9ES DE LA MAIRIE :<\/strong><\/p>\n\n\n\n<p>T\u00e9l\u00e9phone : 05 61 65 04 10<\/p>\n\n\n\n<p>Mail : mairie@vernajoul.fr<\/p>\n\n\n\n<p><\/p>\n\n\n\n<figure class=\"wp-block-image\"><img decoding=\"async\" src=\"http:\/\/www.vernajoul.fr\/wp-content\/uploads\/2022\/01\/horairesmairievernajoul-1.png\" alt=\"L\u2019attribut alt de cette image est vide, son nom de fichier est horairesmairievernajoul-1.png.\"\/><\/figure>\n","protected":false},"excerpt":{"rendered":"<p>COORDONN\u00c9ES DE LA MAIRIE : T\u00e9l\u00e9phone : 05 61 65 04 10 Mail : mairie@vernajoul.fr<\/p>\n","protected":false},"author":1,"featured_media":0,"parent":0,"menu_order":0,"comment_status":"closed","ping_status":"closed","template":"","meta":{"footnotes":""},"class_list":["post-121","page","type-page","status-publish","hentry"],"_links":{"self":[{"href":"http:\/\/www.vernajoul.fr\/index.php\/wp-json\/wp\/v2\/pages\/121","targetHints":{"allow":["GET"]}}],"collection":[{"href":"http:\/\/www.vernajoul.fr\/index.php\/wp-json\/wp\/v2\/pages"}],"about":[{"href":"http:\/\/www.vernajoul.fr\/index.php\/wp-json\/wp\/v2\/types\/page"}],"author":[{"embeddable":true,"href":"http:\/\/www.vernajoul.fr\/index.php\/wp-json\/wp\/v2\/users\/1"}],"replies":[{"embeddable":true,"href":"http:\/\/www.vernajoul.fr\/index.php\/wp-json\/wp\/v2\/comments?post=121"}],"version-history":[{"count":0,"href":"http:\/\/www.vernajoul.fr\/index.php\/wp-json\/wp\/v2\/pages\/121\/revisions"}],"wp:attachment":[{"href":"http:\/\/www.vernajoul.fr\/index.php\/wp-json\/wp\/v2\/media?parent=121"}],"curies":[{"name":"wp","href":"https:\/\/api.w.org\/{rel}","templated":true}]}}