{"id":10,"date":"2020-07-28T13:59:09","date_gmt":"2020-07-28T11:59:09","guid":{"rendered":"http:\/\/www.vernajoul.fr\/?page_id=10"},"modified":"2023-01-16T14:33:15","modified_gmt":"2023-01-16T13:33:15","slug":"mon-village","status":"publish","type":"page","link":"http:\/\/www.vernajoul.fr\/index.php\/mon-village\/","title":{"rendered":"Mon village"},"content":{"rendered":"\n<p>Vernajoul est un village situ\u00e9 dans le d\u00e9partement <a href=\"http:\/\/www.cg09.fr\/v2\/accueil.asp\" target=\"_blank\" rel=\"noreferrer noopener\">de l&rsquo;Ari\u00e8ge<\/a>, et dans la <a href=\"http:\/\/www.midipyrenees.fr\/\" target=\"_blank\" rel=\"noreferrer noopener\">r\u00e9gion Midi-Pyr\u00e9n\u00e9es.<\/a><\/p>\n\n\n\n<p>Les habitants de Vernajoul sont appel\u00e9s les Vernajoulois, Vernajouloises.<br>Les 688 habitants de la commune vivent sur une superficie de 9 km\u00b2 avec une densit\u00e9 de 76 habitants par km\u00b2 et une moyenne d&rsquo;altitude de 400 m.<\/p>\n\n\n\n<p><br>Vernajoul fait partie de la Communaut\u00e9 d&rsquo;Agglom\u00e9ration du Pays de Foix-Varilhes et est situ\u00e9 dans le <a href=\"http:\/\/www.parc-pyrenees-ariegeoises.fr\/\" target=\"_blank\" rel=\"noreferrer noopener\">Parc Naturel R\u00e9gional des Pyr\u00e9n\u00e9es Ari\u00e9geoises.<br><\/a><\/p>\n\n\n\n<p>Le maire actuel de la commune de Vernajoul est Monsieur Jean-Paul FERR\u00c9.<\/p>\n\n\n\n<p><strong>COORDONN\u00c9ES DE LA MAIRIE :<\/strong><\/p>\n\n\n\n<p>T\u00e9l\u00e9phone : 05 61 65 04 10<\/p>\n\n\n\n<p>Fax : 05 61 05 38 67<\/p>\n\n\n\n<p>Mail : <a href=\"mailto:mairie.vernajoul@wanadoo.fr\">mairie@vernajoul.fr<\/a><\/p>\n\n\n\n<p><\/p>\n","protected":false},"excerpt":{"rendered":"<p>Vernajoul est un village situ\u00e9 dans le d\u00e9partement de l&rsquo;Ari\u00e8ge, et dans la r\u00e9gion Midi-Pyr\u00e9n\u00e9es. Les habitants de Vernajoul sont appel\u00e9s les Vernajoulois, Vernajouloises.Les 688 habitants de la commune vivent sur une superficie de 9 km\u00b2 avec une densit\u00e9 de 76 habitants par km\u00b2 et une moyenne d&rsquo;altitude de 400 m. Vernajoul fait partie de [&hellip;]<\/p>\n","protected":false},"author":1,"featured_media":0,"parent":0,"menu_order":0,"comment_status":"closed","ping_status":"closed","template":"","meta":{"footnotes":""},"class_list":["post-10","page","type-page","status-publish","hentry"],"_links":{"self":[{"href":"http:\/\/www.vernajoul.fr\/index.php\/wp-json\/wp\/v2\/pages\/10","targetHints":{"allow":["GET"]}}],"collection":[{"href":"http:\/\/www.vernajoul.fr\/index.php\/wp-json\/wp\/v2\/pages"}],"about":[{"href":"http:\/\/www.vernajoul.fr\/index.php\/wp-json\/wp\/v2\/types\/page"}],"author":[{"embeddable":true,"href":"http:\/\/www.vernajoul.fr\/index.php\/wp-json\/wp\/v2\/users\/1"}],"replies":[{"embeddable":true,"href":"http:\/\/www.vernajoul.fr\/index.php\/wp-json\/wp\/v2\/comments?post=10"}],"version-history":[{"count":0,"href":"http:\/\/www.vernajoul.fr\/index.php\/wp-json\/wp\/v2\/pages\/10\/revisions"}],"wp:attachment":[{"href":"http:\/\/www.vernajoul.fr\/index.php\/wp-json\/wp\/v2\/media?parent=10"}],"curies":[{"name":"wp","href":"https:\/\/api.w.org\/{rel}","templated":true}]}}